{"id":87,"date":"2022-12-14T17:27:24","date_gmt":"2022-12-14T17:27:24","guid":{"rendered":"https:\/\/offborderhill.be\/?page_id=87"},"modified":"2026-02-19T15:28:40","modified_gmt":"2026-02-19T15:28:40","slug":"gezondheid","status":"publish","type":"page","link":"https:\/\/offborderhill.be\/index.php\/gezondheid\/","title":{"rendered":"Gezondheid"},"content":{"rendered":"<div class=\"wpb-content-wrapper\"><p>[vc_row][vc_column][vc_column_text]<!-- \/wp:post-content --><\/p>\r\n<p><!-- wp:paragraph -->border collies<\/p>\r\n<!-- \/wp:paragraph -->\r\n<p>&nbsp;<\/p>\r\n<!-- wp:list -->\r\n<ul>\r\n<li style=\"list-style-type: none;\">\r\n<ul><!-- wp:list-item -->\r\n<li>hd, sd, ed tested<\/li>\r\n<!-- \/wp:list-item -->\r\n\r\n<!-- wp:list-item -->\r\n<li>eyetested every year<\/li>\r\n<!-- \/wp:list-item -->\r\n\r\n<!-- wp:list-item -->\r\n<li>dna tested genetic deseases<\/li>\r\n<\/ul>\r\n<\/li>\r\n<\/ul>\r\n<!-- \/wp:list-item -->\r\n<p>&nbsp;<\/p>\r\n<!-- \/wp:list -->\r\n<p><!-- wp:paragraph -->Bengals<\/p>\r\n<!-- \/wp:paragraph -->\r\n<p>&nbsp;<\/p>\r\n<!-- wp:list -->\r\n<ul>\r\n<li style=\"list-style-type: none;\">\r\n<ul><!-- wp:list-item -->\r\n<li>Hcm ultrasound every yeaR<\/li>\r\n<!-- \/wp:list-item -->\r\n\r\n<!-- wp:list-item -->\r\n<li>Pkd ultrasound tested<\/li>\r\n<!-- \/wp:list-item -->\r\n\r\n<!-- wp:list-item -->\r\n<li>Pra-b and Pkdef DNA tested<\/li>\r\n<!-- \/wp:list-item -->\r\n\r\n<!-- wp:list-item -->\r\n<li>Fiv and Felv tested<\/li>\r\n<!-- \/wp:list-item -->\r\n\r\n<!-- wp:list-item -->\r\n<li>full PCR tested<\/li>\r\n<\/ul>\r\n<\/li>\r\n<\/ul>\r\n<!-- \/wp:list-item -->\r\n<p>&nbsp;<\/p>\r\n<!-- \/wp:list -->\r\n<p>&nbsp;<\/p>\r\n<!-- wp:list -->\r\n<ul>\r\n<li style=\"list-style-type: none;\">\r\n<ul><!-- wp:list-item -->\r\n<li><\/li>\r\n<\/ul>\r\n<\/li>\r\n<\/ul>\r\n<!-- \/wp:list-item -->\r\n<p>&nbsp;<\/p>\r\n<!-- \/wp:list -->\r\n<p>&nbsp;<\/p>\r\n<p>[\/vc_column_text][\/vc_column][\/vc_row]<\/p><\/div>","protected":false},"excerpt":{"rendered":"<p>[vc_row][vc_column][vc_column_text] border collies &nbsp; hd, sd, ed tested eyetested every year dna tested genetic deseases &nbsp; Bengals &nbsp; Hcm ultrasound every yeaR Pkd ultrasound tested Pra-b and Pkdef DNA tested Fiv and Felv tested full PCR tested &nbsp; &nbsp; &nbsp; &nbsp; [\/vc_column_text][\/vc_column][\/vc_row]<\/p>\n","protected":false},"author":1,"featured_media":0,"parent":0,"menu_order":0,"comment_status":"closed","ping_status":"closed","template":"","meta":{"_nl_post_content":"<p>[vc_row][vc_column][vc_column_text]<!-- \/wp:paragraph --><\/p>\r\n<p><!-- wp:paragraph -->border collies<\/p>\r\n<!-- \/wp:paragraph -->\r\n<p>&nbsp;<\/p>\r\n<!-- wp:list -->\r\n<ul>\r\n<li style=\"list-style-type: none;\">\r\n<ul><!-- wp:list-item -->\r\n<li>hd, sd, ed tested<\/li>\r\n<!-- \/wp:list-item -->\r\n\r\n<!-- wp:list-item -->\r\n<li>eyetested every year<\/li>\r\n<!-- \/wp:list-item -->\r\n\r\n<!-- wp:list-item -->\r\n<li>dna tested genetic deseases<\/li>\r\n<\/ul>\r\n<\/li>\r\n<\/ul>\r\n<!-- \/wp:list-item -->\r\n<p>&nbsp;<\/p>\r\n<!-- \/wp:list -->\r\n<p><!-- wp:paragraph -->Bengals<\/p>\r\n<!-- \/wp:paragraph -->\r\n<p>&nbsp;<\/p>\r\n<!-- wp:list -->\r\n<ul>\r\n<li style=\"list-style-type: none;\">\r\n<ul><!-- wp:list-item -->\r\n<li>Hcm ultrasound every yeaR<\/li>\r\n<!-- \/wp:list-item -->\r\n\r\n<!-- wp:list-item -->\r\n<li>Pkd ultrasound tested<\/li>\r\n<!-- \/wp:list-item -->\r\n\r\n<!-- wp:list-item -->\r\n<li>Pra-b and Pkdef DNA tested<\/li>\r\n<!-- \/wp:list-item -->\r\n\r\n<!-- wp:list-item -->\r\n<li>Fiv and Felv tested<\/li>\r\n<!-- \/wp:list-item -->\r\n\r\n<!-- wp:list-item -->\r\n<li>full PCR tested<\/li>\r\n<\/ul>\r\n<\/li>\r\n<\/ul>\r\n<!-- \/wp:list-item -->\r\n<p>&nbsp;<\/p>\r\n<!-- \/wp:list -->\r\n<p>&nbsp;<\/p>\r\n<!-- wp:list -->\r\n<ul>\r\n<li style=\"list-style-type: none;\">\r\n<ul><!-- wp:list-item -->\r\n<li><\/li>\r\n<\/ul>\r\n<\/li>\r\n<\/ul>\r\n<!-- \/wp:list-item -->\r\n<p>&nbsp;<\/p>\r\n<!-- \/wp:list -->\r\n<p>&nbsp;<\/p>\r\n<p>[\/vc_column_text][\/vc_column][\/vc_row]<\/p>","_nl_post_name":"gezondheid","_nl_post_excerpt":"","_nl_post_title":"Gezondheid","_en_post_content":"<p>[vc_row][vc_column][vc_column_text]<\/p>\r\n<p>Health is very importent for us. All our\u00a0 dogs, cats and horse have been checked on several\u00a0 Healthconditions and tests.<\/p>\r\n<p>For our dogs:<br \/>- HD, ED and SD screened<br \/>- ECVO\u00a0 eyetested yearly<br \/>- DNA tested by several\u00a0 Labs<\/p>\r\n<p>For our cats;<br \/>-HCM\u00a0 screening every year<br \/>-PDK screening after 1 year of age<br \/>-DNA tested for PRA-B and PKDef<br \/>-FIV\u00a0 and FELV tested negativ and before entering our cattery for new bloodlines<br \/>-PCR fully tested\u00a0 2x a year.<\/p>\r\n<p>&nbsp;<\/p>\r\n<p>Our horses where checked on regular base and our stallions where tested after\u00a0 PPM1 was detected in one of our stallions.\u00a0 We also X-rayed them to be safe and sure about their condition.<\/p>\r\n<p>[\/vc_column_text][\/vc_column][\/vc_row]<\/p>","_en_post_name":"health","_en_post_excerpt":"","_en_post_title":"Health","_fr_post_content":"<p>[vc_row][vc_column][vc_column_text]<\/p>\r\n<p>Tous nos animaux sont control\u00e9 et\u00a0 test\u00e9s r\u00e9guli\u00e9rement.<\/p>\r\n<p>Pour nos chiens:<br \/>- HD, ED et SD\u00a0 radiographie entre 1 et 2 ans<br \/>- testes occulaires ECVO chaque ann\u00e9e<br \/>- testes ADN\u00a0 dans plusieurs labo<\/p>\r\n<p>&nbsp;<\/p>\r\n<p>Pour nos chats:<br \/>- Teste annuel de coeur\u00a0 (HCM)par echographie <br \/>- Teste apres 1 ans par echographie des reins<br \/>- Teste ADN\u00a0 du PRA-B et PKDef<br \/>- Teste\u00a0 Fiv et Felv\u00a0 et pour nos nouveaux chats avant d'entr\u00e9e dans notre chatterie<br \/>- Teste PCR\u00a0 pour tous les nouveaux chats\u00a0 et 2x par ans<\/p>\r\n<p>[\/vc_column_text][\/vc_column][\/vc_row]<\/p>","_fr_post_name":"sante","_fr_post_excerpt":"","_fr_post_title":"Sant\u00e9","edit_language":"nl","footnotes":""},"class_list":["post-87","page","type-page","status-publish","hentry"],"_links":{"self":[{"href":"https:\/\/offborderhill.be\/index.php\/wp-json\/wp\/v2\/pages\/87","targetHints":{"allow":["GET"]}}],"collection":[{"href":"https:\/\/offborderhill.be\/index.php\/wp-json\/wp\/v2\/pages"}],"about":[{"href":"https:\/\/offborderhill.be\/index.php\/wp-json\/wp\/v2\/types\/page"}],"author":[{"embeddable":true,"href":"https:\/\/offborderhill.be\/index.php\/wp-json\/wp\/v2\/users\/1"}],"replies":[{"embeddable":true,"href":"https:\/\/offborderhill.be\/index.php\/wp-json\/wp\/v2\/comments?post=87"}],"version-history":[{"count":5,"href":"https:\/\/offborderhill.be\/index.php\/wp-json\/wp\/v2\/pages\/87\/revisions"}],"predecessor-version":[{"id":914,"href":"https:\/\/offborderhill.be\/index.php\/wp-json\/wp\/v2\/pages\/87\/revisions\/914"}],"wp:attachment":[{"href":"https:\/\/offborderhill.be\/index.php\/wp-json\/wp\/v2\/media?parent=87"}],"curies":[{"name":"wp","href":"https:\/\/api.w.org\/{rel}","templated":true}]}}