{"id":708,"date":"2023-09-04T11:25:20","date_gmt":"2023-09-04T11:25:20","guid":{"rendered":"https:\/\/offborderhill.be\/?page_id=708"},"modified":"2023-12-13T18:26:26","modified_gmt":"2023-12-13T18:26:26","slug":"our-past-cats","status":"publish","type":"page","link":"https:\/\/offborderhill.be\/index.php\/our-past-cats\/","title":{"rendered":"In Memory"},"content":{"rendered":"<div class=\"wpb-content-wrapper\"><p>[vc_row css=&#8221;.vc_custom_1671196035757{margin-top: 50px !important;}&#8221;][vc_column][vc_empty_space][vc_column_text]<\/p>\n<p class=\"font_9\"><span class=\"color_11\">Onze bengalen zijn zorgvuldig geselecteerd en maken deel uit van ons dagelijks leven.\u00a0 Soms moeten wij in het belang van de kat zelf, een nieuw huisje voor hen zoeken. \u00a0 Toch blijven zij voor altijd in ons hart. \u00a0 Wij zijn er zeker van dat zij de beste mandjes gevonden hebben in hun nieuwe omgeving.<br \/>\n<\/span><\/p>\n<p>Wil u graag een volwassen bengaal in huis nemen?\u00a0 Wij hebben in 2023\u00a0 een poes en een kater welke wij graag een gouden mandje bij U willen geven.\u00a0 <span class=\"color_11\"><span><a href=\"https:\/\/www.pons.be\/Bengal\/\" target=\"_blank\" rel=\"noopener\"><\/a><\/span><\/span>[\/vc_column_text][\/vc_column][\/vc_row][vc_row][vc_column width=&#8221;1\/4&#8243;][vc_single_image image=&#8221;300&#8243; img_size=&#8221;full&#8221;][\/vc_column][vc_column width=&#8221;3\/4&#8243;][vc_custom_heading text=&#8221;Goralguru Ice Black Fire&#8221; font_container=&#8221;tag:h4|text_align:left&#8221;][vc_btn title=&#8221;Meer info&#8221; link=&#8221;url:https%3A%2F%2Foffborderhill.be%2Findex.php%2Fgoralguru-ice-black-fire%2F|title:Mazures%20One%20for%20Rublisie%20Thorin&#8221;][\/vc_column][\/vc_row][vc_row][vc_column][vc_separator style=&#8221;shadow&#8221;][\/vc_column][\/vc_row][vc_row][vc_column width=&#8221;1\/4&#8243;][vc_single_image image=&#8221;313&#8243; img_size=&#8221;full&#8221;][\/vc_column][vc_column width=&#8221;3\/4&#8243;][vc_custom_heading text=&#8221;CH. Guru Gabbana of Goralguru&#8221; font_container=&#8221;tag:h4|text_align:left&#8221;][vc_btn title=&#8221;Meer info&#8221; link=&#8221;url:https%3A%2F%2Foffborderhill.be%2Findex.php%2Fch-guru-gabbana-of-goralguru%2F|title:A%20Red%20Revenge%20v%20Benvenidas%20Joy&#8221;][\/vc_column][\/vc_row][vc_row][vc_column][vc_separator style=&#8221;shadow&#8221;][\/vc_column][\/vc_row][vc_row][vc_column width=&#8221;1\/4&#8243;][vc_single_image image=&#8221;436&#8243; img_size=&#8221;Full&#8221;][\/vc_column][vc_column width=&#8221;3\/4&#8243;][vc_custom_heading text=&#8221;Goralguru Veronica&#8221; font_container=&#8221;tag:h4|text_align:left&#8221; link=&#8221;url:https%3A%2F%2Foffborderhill.be%2Findex.php%2Fgoralguru-veronica%2F|title:Goralguru%20Veronica&#8221;][vc_btn title=&#8221;Meer info&#8221; link=&#8221;url:https%3A%2F%2Foffborderhill.be%2Findex.php%2Fgoralguru-veronica%2F|title:Goralguru%20Veronica&#8221;][\/vc_column][\/vc_row]<\/p>\n<\/div>","protected":false},"excerpt":{"rendered":"<p>[vc_row css=&#8221;.vc_custom_1671196035757{margin-top: 50px !important;}&#8221;][vc_column][vc_empty_space][vc_column_text] Onze bengalen zijn zorgvuldig geselecteerd en maken deel uit van ons dagelijks leven.\u00a0 Soms moeten wij in het belang van de kat zelf, een nieuw huisje voor hen zoeken. \u00a0 Toch blijven zij voor altijd in ons hart. \u00a0 Wij zijn er zeker van dat zij [&hellip;]<\/p>\n","protected":false},"author":1,"featured_media":0,"parent":0,"menu_order":0,"comment_status":"closed","ping_status":"closed","template":"","meta":{"_nl_post_content":"[vc_row css=\".vc_custom_1671196035757{margin-top: 50px !important;}\"][vc_column][vc_empty_space][vc_column_text]\r\n<p class=\"font_9\"><span class=\"color_11\">Onze bengalen zijn zorgvuldig geselecteerd en maken deel uit van ons dagelijks leven.\u00a0 Soms moeten wij in het belang van de kat zelf, een nieuw huisje voor hen zoeken. \u00a0 Toch blijven zij voor altijd in ons hart. \u00a0 Wij zijn er zeker van dat zij de beste mandjes gevonden hebben in hun nieuwe omgeving.\r\n<\/span><\/p>\r\nWil u graag een volwassen bengaal in huis nemen?\u00a0 Wij hebben in 2023\u00a0 een poes en een kater welke wij graag een gouden mandje bij U willen geven.\u00a0 <span class=\"color_11\"><span><a href=\"https:\/\/www.pons.be\/Bengal\/\" target=\"_blank\" rel=\"noopener\"><\/a><\/span><\/span>[\/vc_column_text][\/vc_column][\/vc_row][vc_row][vc_column width=\"1\/4\"][vc_single_image image=\"300\" img_size=\"full\"][\/vc_column][vc_column width=\"3\/4\"][vc_custom_heading text=\"Goralguru Ice Black Fire\" font_container=\"tag:h4|text_align:left\"][vc_btn title=\"Meer info\" link=\"url:https%3A%2F%2Foffborderhill.be%2Findex.php%2Fgoralguru-ice-black-fire%2F|title:Mazures%20One%20for%20Rublisie%20Thorin\"][\/vc_column][\/vc_row][vc_row][vc_column][vc_separator style=\"shadow\"][\/vc_column][\/vc_row][vc_row][vc_column width=\"1\/4\"][vc_single_image image=\"313\" img_size=\"full\"][\/vc_column][vc_column width=\"3\/4\"][vc_custom_heading text=\"CH. Guru Gabbana of Goralguru\" font_container=\"tag:h4|text_align:left\"][vc_btn title=\"Meer info\" link=\"url:https%3A%2F%2Foffborderhill.be%2Findex.php%2Fch-guru-gabbana-of-goralguru%2F|title:A%20Red%20Revenge%20v%20Benvenidas%20Joy\"][\/vc_column][\/vc_row][vc_row][vc_column][vc_separator style=\"shadow\"][\/vc_column][\/vc_row][vc_row][vc_column width=\"1\/4\"][vc_single_image image=\"436\" img_size=\"Full\"][\/vc_column][vc_column width=\"3\/4\"][vc_custom_heading text=\"Goralguru Veronica\" font_container=\"tag:h4|text_align:left\" link=\"url:https%3A%2F%2Foffborderhill.be%2Findex.php%2Fgoralguru-veronica%2F|title:Goralguru%20Veronica\"][vc_btn title=\"Meer info\" link=\"url:https%3A%2F%2Foffborderhill.be%2Findex.php%2Fgoralguru-veronica%2F|title:Goralguru%20Veronica\"][\/vc_column][\/vc_row]","_nl_post_name":"our-past-cats","_nl_post_excerpt":"","_nl_post_title":"In Memory","_en_post_content":"[vc_row css=\".vc_custom_1671196035757{margin-top: 50px !important;}\"][vc_column][vc_empty_space][vc_column_text]Our Bengals have been carefully selected and are part of our daily lives. Sometimes, in the interest of the cat itself, we have to find a new home for them. Yet they will remain in our hearts forever. We are sure that they have found the best baskets in their new environment.\r\n\r\nWould you like to take an adult Bengal into your home? In 2023 we have a cat and a tomcat which we would like to give you a golden basket.\r\n\r\n[\/vc_column_text][\/vc_column][\/vc_row][vc_row][vc_column width=\"1\/4\"][vc_single_image image=\"300\" img_size=\"full\"][\/vc_column][vc_column width=\"3\/4\"][vc_custom_heading text=\"Goralguru Ice Black Fire\" font_container=\"tag:h4|text_align:left\"][vc_btn title=\"More info\" link=\"url:https%3A%2F%2Foffborderhill.be%2Findex.php%2Fgoralguru-ice-black-fire%2F|title:Mazures%20One%20for%20Rublisie%20Thorin\"][\/vc_column][\/vc_row][vc_row][vc_column][vc_separator style=\"shadow\"][\/vc_column][\/vc_row][vc_row][vc_column width=\"1\/4\"][vc_single_image image=\"313\" img_size=\"full\"][\/vc_column][vc_column width=\"3\/4\"][vc_custom_heading text=\"CH. Guru Gabbana of Goralguru\" font_container=\"tag:h4|text_align:left\"][vc_btn title=\"More info\" link=\"url:https%3A%2F%2Foffborderhill.be%2Findex.php%2Fch-guru-gabbana-of-goralguru%2F|title:A%20Red%20Revenge%20v%20Benvenidas%20Joy\"][\/vc_column][\/vc_row][vc_row][vc_column][vc_separator style=\"shadow\"][\/vc_column][\/vc_row][vc_row][vc_column width=\"1\/4\"][vc_single_image image=\"436\" img_size=\"Full\"][\/vc_column][vc_column width=\"3\/4\"][vc_custom_heading text=\"Goralguru Veronica\" font_container=\"tag:h4|text_align:left\" link=\"url:https%3A%2F%2Foffborderhill.be%2Findex.php%2Fgoralguru-veronica%2F|title:Goralguru%20Veronica\"][vc_btn title=\"More info\" link=\"url:https%3A%2F%2Foffborderhill.be%2Findex.php%2Fgoralguru-veronica%2F|title:Goralguru%20Veronica\"][\/vc_column][\/vc_row]","_en_post_name":"our-past-cats","_en_post_excerpt":"","_en_post_title":"In Memory","_fr_post_content":"[vc_row css=\".vc_custom_1671196035757{margin-top: 50px !important;}\"][vc_column][vc_empty_space][vc_column_text]Nos Bengals ont \u00e9t\u00e9 soigneusement s\u00e9lectionn\u00e9s et font partie de notre quotidien. Parfois, dans l\u2019int\u00e9r\u00eat du chat lui-m\u00eame, nous devons lui trouver un nouveau foyer. Pourtant, ils resteront \u00e0 jamais dans nos c\u0153urs. Nous sommes s\u00fbrs qu'ils ont trouv\u00e9 les meilleurs paniers dans leur nouvel environnement.\r\n\r\nSouhaitez-vous accueillir un Bengal adulte chez vous ? En 2023 nous avons un chat et un matou pour lesquels nous aimerions vous offrir un panier dor\u00e9.[\/vc_column_text][\/vc_column][\/vc_row][vc_row][vc_column width=\"1\/4\"][vc_single_image image=\"300\" img_size=\"full\"][\/vc_column][vc_column width=\"3\/4\"][vc_custom_heading text=\"Goralguru Ice Black Fire\" font_container=\"tag:h4|text_align:left\"][vc_btn title=\"Plus d'infos\" link=\"url:https%3A%2F%2Foffborderhill.be%2Findex.php%2Fgoralguru-ice-black-fire%2F|title:Mazures%20One%20for%20Rublisie%20Thorin\"][\/vc_column][\/vc_row][vc_row][vc_column][vc_separator style=\"shadow\"][\/vc_column][\/vc_row][vc_row][vc_column width=\"1\/4\"][vc_single_image image=\"313\" img_size=\"full\"][\/vc_column][vc_column width=\"3\/4\"][vc_custom_heading text=\"CH. Guru Gabbana of Goralguru\" font_container=\"tag:h4|text_align:left\"][vc_btn title=\"Plus d'infos\" link=\"url:https%3A%2F%2Foffborderhill.be%2Findex.php%2Fch-guru-gabbana-of-goralguru%2F|title:A%20Red%20Revenge%20v%20Benvenidas%20Joy\"][\/vc_column][\/vc_row][vc_row][vc_column][vc_separator style=\"shadow\"][\/vc_column][\/vc_row][vc_row][vc_column width=\"1\/4\"][vc_single_image image=\"436\" img_size=\"Full\"][\/vc_column][vc_column width=\"3\/4\"][vc_custom_heading text=\"Goralguru Veronica\" font_container=\"tag:h4|text_align:left\" link=\"url:https%3A%2F%2Foffborderhill.be%2Findex.php%2Fgoralguru-veronica%2F|title:Goralguru%20Veronica\"][vc_btn title=\"Plus d'infos\" link=\"url:https%3A%2F%2Foffborderhill.be%2Findex.php%2Fgoralguru-veronica%2F|title:Goralguru%20Veronica\"][\/vc_column][\/vc_row]","_fr_post_name":"our-past-cats","_fr_post_excerpt":"","_fr_post_title":"In Memory","edit_language":"nl","footnotes":""},"class_list":["post-708","page","type-page","status-publish","hentry"],"_links":{"self":[{"href":"https:\/\/offborderhill.be\/index.php\/wp-json\/wp\/v2\/pages\/708","targetHints":{"allow":["GET"]}}],"collection":[{"href":"https:\/\/offborderhill.be\/index.php\/wp-json\/wp\/v2\/pages"}],"about":[{"href":"https:\/\/offborderhill.be\/index.php\/wp-json\/wp\/v2\/types\/page"}],"author":[{"embeddable":true,"href":"https:\/\/offborderhill.be\/index.php\/wp-json\/wp\/v2\/users\/1"}],"replies":[{"embeddable":true,"href":"https:\/\/offborderhill.be\/index.php\/wp-json\/wp\/v2\/comments?post=708"}],"version-history":[{"count":4,"href":"https:\/\/offborderhill.be\/index.php\/wp-json\/wp\/v2\/pages\/708\/revisions"}],"predecessor-version":[{"id":819,"href":"https:\/\/offborderhill.be\/index.php\/wp-json\/wp\/v2\/pages\/708\/revisions\/819"}],"wp:attachment":[{"href":"https:\/\/offborderhill.be\/index.php\/wp-json\/wp\/v2\/media?parent=708"}],"curies":[{"name":"wp","href":"https:\/\/api.w.org\/{rel}","templated":true}]}}