{"id":617,"date":"2023-08-31T19:47:59","date_gmt":"2023-08-31T19:47:59","guid":{"rendered":"https:\/\/offborderhill.be\/?page_id=617"},"modified":"2026-02-19T15:23:54","modified_gmt":"2026-02-19T15:23:54","slug":"teven","status":"publish","type":"page","link":"https:\/\/offborderhill.be\/index.php\/teven\/","title":{"rendered":"Teven"},"content":{"rendered":"<div class=\"wpb-content-wrapper\"><p>[vc_row css=&#8221;.vc_custom_1671196035757{margin-top: 50px !important;}&#8221;][vc_column][vc_column_text]<span class=\"color_11\"><span>Gezondheid en welzijn staat centraal. Al onze honden zijn getest op erfelijke aandoeningen en worden geregistreerd in het stamboek.<\/span><\/span><\/p>\n<p>Klik voor meer informatie op \u00e9\u00e9n van onderstaande honden.[\/vc_column_text][\/vc_column][\/vc_row][vc_row][vc_column width=&#8221;1\/4&#8243;][vc_single_image image=&#8221;213&#8243; img_size=&#8221;full&#8221;][\/vc_column][vc_column width=&#8221;3\/4&#8243;][vc_custom_heading text=&#8221;Sweet Surprise for Mazures van &#8216;t Rublisiehof&#8221; font_container=&#8221;tag:h4|text_align:left&#8221;][\/vc_column][\/vc_row][vc_row][vc_column width=&#8221;1\/4&#8243;][vc_single_image image=&#8221;541&#8243; img_size=&#8221;full&#8221;][\/vc_column][vc_column width=&#8221;3\/4&#8243;][vc_custom_heading text=&#8221;Mazures Well Done with Love&#8221; font_container=&#8221;tag:h4|text_align:left&#8221; link=&#8221;url:https%3A%2F%2Foffborderhill.be%2Findex.php%2Fmazures-well-done-with-love%2F|title:Mazures%20%20Well%20Done%20with%20Love&#8221;][\/vc_column][\/vc_row][vc_row][vc_column width=&#8221;1\/4&#8243;][vc_single_image image=&#8221;887&#8243; img_size=&#8221;full&#8221;][\/vc_column][vc_column width=&#8221;3\/4&#8243;][vc_custom_heading text=&#8221;Mazures Xclusiv Design Princess Xena&#8221; font_container=&#8221;tag:h4|text_align:left&#8221;][\/vc_column][\/vc_row][vc_row][vc_column width=&#8221;1\/4&#8243;][vc_single_image image=&#8221;650&#8243;][\/vc_column][vc_column width=&#8221;3\/4&#8243;][vc_custom_heading text=&#8221;Mazures Teardrops of Joy&#8221; font_container=&#8221;tag:h4|text_align:left&#8221;][\/vc_column][\/vc_row][vc_row][vc_column width=&#8221;1\/4&#8243;][vc_single_image image=&#8221;217&#8243; img_size=&#8221;full&#8221;][\/vc_column][vc_column width=&#8221;3\/4&#8243;][vc_custom_heading text=&#8221;Mazures Qualification&#8221; font_container=&#8221;tag:h4|text_align:left&#8221;][\/vc_column][\/vc_row][vc_row][vc_column width=&#8221;1\/4&#8243;][vc_single_image image=&#8221;645&#8243; img_size=&#8221;full&#8221;][\/vc_column][vc_column width=&#8221;3\/4&#8243;][vc_custom_heading text=&#8221;Mazures Real black Pearl&#8221; font_container=&#8221;tag:h4|text_align:left&#8221;][\/vc_column][\/vc_row]<\/p>\n<\/div>","protected":false},"excerpt":{"rendered":"<p>[vc_row css=&#8221;.vc_custom_1671196035757{margin-top: 50px !important;}&#8221;][vc_column][vc_column_text]Gezondheid en welzijn staat centraal. Al onze honden zijn getest op erfelijke aandoeningen en worden geregistreerd in het stamboek. Klik voor meer informatie op \u00e9\u00e9n van onderstaande honden.[\/vc_column_text][\/vc_column][\/vc_row][vc_row][vc_column width=&#8221;1\/4&#8243;][vc_single_image image=&#8221;213&#8243; img_size=&#8221;full&#8221;][\/vc_column][vc_column width=&#8221;3\/4&#8243;][vc_custom_heading text=&#8221;Sweet Surprise for Mazures van &#8216;t Rublisiehof&#8221; font_container=&#8221;tag:h4|text_align:left&#8221;][\/vc_column][\/vc_row][vc_row][vc_column width=&#8221;1\/4&#8243;][vc_single_image image=&#8221;541&#8243; img_size=&#8221;full&#8221;][\/vc_column][vc_column width=&#8221;3\/4&#8243;][vc_custom_heading text=&#8221;Mazures Well Done [&hellip;]<\/p>\n","protected":false},"author":1,"featured_media":0,"parent":0,"menu_order":0,"comment_status":"closed","ping_status":"closed","template":"","meta":{"_nl_post_content":"[vc_row css=\".vc_custom_1671196035757{margin-top: 50px !important;}\"][vc_column][vc_column_text]<span class=\"color_11\"><span>Gezondheid en welzijn staat centraal. Al onze honden zijn getest op erfelijke aandoeningen en worden geregistreerd in het stamboek.<\/span><\/span>\r\n\r\nKlik voor meer informatie op \u00e9\u00e9n van onderstaande honden.[\/vc_column_text][\/vc_column][\/vc_row][vc_row][vc_column width=\"1\/4\"][vc_single_image image=\"213\" img_size=\"full\"][\/vc_column][vc_column width=\"3\/4\"][vc_custom_heading text=\"Sweet Surprise for Mazures van 't Rublisiehof\" font_container=\"tag:h4|text_align:left\"][\/vc_column][\/vc_row][vc_row][vc_column width=\"1\/4\"][vc_single_image image=\"541\" img_size=\"full\"][\/vc_column][vc_column width=\"3\/4\"][vc_custom_heading text=\"Mazures Well Done with Love\" font_container=\"tag:h4|text_align:left\" link=\"url:https%3A%2F%2Foffborderhill.be%2Findex.php%2Fmazures-well-done-with-love%2F|title:Mazures%20%20Well%20Done%20with%20Love\"][\/vc_column][\/vc_row][vc_row][vc_column width=\"1\/4\"][vc_single_image image=\"887\" img_size=\"full\"][\/vc_column][vc_column width=\"3\/4\"][vc_custom_heading text=\"Mazures Xclusiv Design Princess Xena\" font_container=\"tag:h4|text_align:left\"][\/vc_column][\/vc_row][vc_row][vc_column width=\"1\/4\"][vc_single_image image=\"650\"][\/vc_column][vc_column width=\"3\/4\"][vc_custom_heading text=\"Mazures Teardrops of Joy\" font_container=\"tag:h4|text_align:left\"][\/vc_column][\/vc_row][vc_row][vc_column width=\"1\/4\"][vc_single_image image=\"217\" img_size=\"full\"][\/vc_column][vc_column width=\"3\/4\"][vc_custom_heading text=\"Mazures Qualification\" font_container=\"tag:h4|text_align:left\"][\/vc_column][\/vc_row][vc_row][vc_column width=\"1\/4\"][vc_single_image image=\"645\" img_size=\"full\"][\/vc_column][vc_column width=\"3\/4\"][vc_custom_heading text=\"Mazures Real black Pearl\" font_container=\"tag:h4|text_align:left\"][\/vc_column][\/vc_row]","_nl_post_name":"teven","_nl_post_excerpt":"","_nl_post_title":"Teven","_en_post_content":"[vc_row css=\".vc_custom_1671196035757{margin-top: 50px !important;}\"][vc_column][vc_column_text]Health and well-being are central. All our dogs have been tested for hereditary conditions and are registered in the studbook.\r\n\r\nClick on one of the dogs below for more information.[\/vc_column_text][\/vc_column][\/vc_row][vc_row][vc_column width=\"1\/4\"][vc_single_image image=\"213\" img_size=\"full\"][\/vc_column][vc_column width=\"3\/4\"][vc_custom_heading text=\"Sweet Surprise for Mazures van 't Rublisiehof\" font_container=\"tag:h4|text_align:left\"][vc_btn title=\"More info\" link=\"url:https%3A%2F%2Foffborderhill.be%2Findex.php%2Fsweet-surprise-for-mazures-van-t-rublisiehof%2F|title:Sweet%20Surprise%20for%20Mazures%20van%20%E2%80%99t%20Rublisiehof\"][\/vc_column][\/vc_row][vc_row][vc_column][vc_separator style=\"shadow\"][\/vc_column][\/vc_row][vc_row][vc_column width=\"1\/4\"][vc_single_image image=\"217\" img_size=\"full\"][\/vc_column][vc_column width=\"3\/4\"][vc_custom_heading text=\"Mazures Qualification\" font_container=\"tag:h4|text_align:left\"][vc_btn title=\"More info\" link=\"url:https%3A%2F%2Foffborderhill.be%2Findex.php%2Fmazures-qualification%2F|title:Mazures%20Qualification\"][\/vc_column][\/vc_row][vc_row][vc_column][vc_separator style=\"shadow\"][\/vc_column][\/vc_row][vc_row][vc_column width=\"1\/4\"][vc_single_image image=\"541\" img_size=\"full\"][\/vc_column][vc_column width=\"3\/4\"][vc_custom_heading text=\"Mazures Well Done with Love\" font_container=\"tag:h4|text_align:left\" link=\"url:https%3A%2F%2Foffborderhill.be%2Findex.php%2Fmazures-well-done-with-love%2F|title:Mazures%20%20Well%20Done%20with%20Love\"][vc_btn title=\"More info\" link=\"url:https%3A%2F%2Foffborderhill.be%2Findex.php%2Fmazures-well-done-with-love%2F|title:Mazures%20%20Well%20Done%20with%20Love\"][\/vc_column][\/vc_row][vc_row][vc_column][vc_separator style=\"shadow\"][\/vc_column][\/vc_row][vc_row][vc_column width=\"1\/4\"][vc_single_image image=\"239\" img_size=\"full\"][\/vc_column][vc_column width=\"3\/4\"][vc_custom_heading text=\"Mazures Teardrops of Joy\" font_container=\"tag:h4|text_align:left\"][vc_btn title=\"More info\" link=\"url:https%3A%2F%2Foffborderhill.be%2Findex.php%2Fmazures-teardrops-of-joy%2F|title:Mazures%20Teardrops%20of%20Joy\"][\/vc_column][\/vc_row][vc_row][vc_column][vc_separator style=\"shadow\"][\/vc_column][\/vc_row][vc_row][vc_column width=\"1\/4\"][vc_single_image image=\"645\" img_size=\"full\"][\/vc_column][vc_column width=\"3\/4\"][vc_custom_heading text=\"Mazures Real black Pearl\" font_container=\"tag:h4|text_align:left\"][vc_btn title=\"More info\" link=\"url:https%3A%2F%2Foffborderhill.be%2Findex.php%2Fmazures-border-collies%2Fonze-honden%2Fperla%2F|title:Mazures%20Teardrops%20of%20Joy\"][\/vc_column][\/vc_row]","_en_post_name":"females","_en_post_excerpt":"","_en_post_title":"Females","_fr_post_content":"[vc_row css=\".vc_custom_1671196035757{margin-top: 50px !important;}\"][vc_column][vc_column_text]La sant\u00e9 et le bien-\u00eatre sont centraux. Tous nos chiens ont \u00e9t\u00e9 test\u00e9s pour les maladies h\u00e9r\u00e9ditaires et sont inscrits au stud-book.\r\n\r\nCliquez sur l'un des chiens ci-dessous pour plus d'informations.[\/vc_column_text][\/vc_column][\/vc_row][vc_row][vc_column width=\"1\/4\"][vc_single_image image=\"213\" img_size=\"full\"][\/vc_column][vc_column width=\"3\/4\"][vc_custom_heading text=\"Sweet Surprise for Mazures van 't Rublisiehof\" font_container=\"tag:h4|text_align:left\"][vc_btn title=\"Plus d'infos\" link=\"url:https%3A%2F%2Foffborderhill.be%2Findex.php%2Fsweet-surprise-for-mazures-van-t-rublisiehof%2F|title:Sweet%20Surprise%20for%20Mazures%20van%20%E2%80%99t%20Rublisiehof\"][\/vc_column][\/vc_row][vc_row][vc_column][vc_separator style=\"shadow\"][\/vc_column][\/vc_row][vc_row][vc_column width=\"1\/4\"][vc_single_image image=\"217\" img_size=\"full\"][\/vc_column][vc_column width=\"3\/4\"][vc_custom_heading text=\"Mazures Qualification\" font_container=\"tag:h4|text_align:left\"][vc_btn title=\"Plus d'infos\" link=\"url:https%3A%2F%2Foffborderhill.be%2Findex.php%2Fmazures-qualification%2F|title:Mazures%20Qualification\"][\/vc_column][\/vc_row][vc_row][vc_column][vc_separator style=\"shadow\"][\/vc_column][\/vc_row][vc_row][vc_column width=\"1\/4\"][vc_single_image image=\"541\" img_size=\"full\"][\/vc_column][vc_column width=\"3\/4\"][vc_custom_heading text=\"Mazures Well Done with Love\" font_container=\"tag:h4|text_align:left\" link=\"url:https%3A%2F%2Foffborderhill.be%2Findex.php%2Fmazures-well-done-with-love%2F|title:Mazures%20%20Well%20Done%20with%20Love\"][vc_btn title=\"Plus d'infos\" link=\"url:https%3A%2F%2Foffborderhill.be%2Findex.php%2Fmazures-well-done-with-love%2F|title:Mazures%20%20Well%20Done%20with%20Love\"][\/vc_column][\/vc_row][vc_row][vc_column][vc_separator style=\"shadow\"][\/vc_column][\/vc_row][vc_row][vc_column width=\"1\/4\"][vc_single_image image=\"239\" img_size=\"full\"][\/vc_column][vc_column width=\"3\/4\"][vc_custom_heading text=\"Mazures Teardrops of Joy\" font_container=\"tag:h4|text_align:left\"][vc_btn title=\"Plus d'infos\" link=\"url:https%3A%2F%2Foffborderhill.be%2Findex.php%2Fmazures-teardrops-of-joy%2F|title:Mazures%20Teardrops%20of%20Joy\"][\/vc_column][\/vc_row][vc_row][vc_column][vc_separator style=\"shadow\"][\/vc_column][\/vc_row][vc_row][vc_column width=\"1\/4\"][vc_single_image image=\"645\" img_size=\"full\"][\/vc_column][vc_column width=\"3\/4\"][vc_custom_heading text=\"Mazures Real black Pearl\" font_container=\"tag:h4|text_align:left\"][vc_btn title=\"Plus d'infos\" link=\"url:https%3A%2F%2Foffborderhill.be%2Findex.php%2Fmazures-border-collies%2Fonze-honden%2Fperla%2F|title:Mazures%20Teardrops%20of%20Joy\"][\/vc_column][\/vc_row]","_fr_post_name":"teven","_fr_post_excerpt":"","_fr_post_title":"Femelles","edit_language":"nl","footnotes":""},"class_list":["post-617","page","type-page","status-publish","hentry"],"_links":{"self":[{"href":"https:\/\/offborderhill.be\/index.php\/wp-json\/wp\/v2\/pages\/617","targetHints":{"allow":["GET"]}}],"collection":[{"href":"https:\/\/offborderhill.be\/index.php\/wp-json\/wp\/v2\/pages"}],"about":[{"href":"https:\/\/offborderhill.be\/index.php\/wp-json\/wp\/v2\/types\/page"}],"author":[{"embeddable":true,"href":"https:\/\/offborderhill.be\/index.php\/wp-json\/wp\/v2\/users\/1"}],"replies":[{"embeddable":true,"href":"https:\/\/offborderhill.be\/index.php\/wp-json\/wp\/v2\/comments?post=617"}],"version-history":[{"count":9,"href":"https:\/\/offborderhill.be\/index.php\/wp-json\/wp\/v2\/pages\/617\/revisions"}],"predecessor-version":[{"id":913,"href":"https:\/\/offborderhill.be\/index.php\/wp-json\/wp\/v2\/pages\/617\/revisions\/913"}],"wp:attachment":[{"href":"https:\/\/offborderhill.be\/index.php\/wp-json\/wp\/v2\/media?parent=617"}],"curies":[{"name":"wp","href":"https:\/\/api.w.org\/{rel}","templated":true}]}}