{"id":615,"date":"2023-08-31T19:47:41","date_gmt":"2023-08-31T19:47:41","guid":{"rendered":"https:\/\/offborderhill.be\/?page_id=615"},"modified":"2024-02-16T13:07:00","modified_gmt":"2024-02-16T13:07:00","slug":"reuen","status":"publish","type":"page","link":"https:\/\/offborderhill.be\/index.php\/reuen\/","title":{"rendered":"Reuen"},"content":{"rendered":"<div class=\"wpb-content-wrapper\"><p>[vc_row css=&#8221;.vc_custom_1671196035757{margin-top: 50px !important;}&#8221;][vc_column][vc_column_text]<span class=\"color_11\"><span>Gezondheid en welzijn staat centraal. Al onze honden zijn getest op erfelijke aandoeningen en worden geregistreerd in het stamboek.<\/span><\/span><\/p>\n<p>Klik voor meer informatie op \u00e9\u00e9n van onderstaande honden.[\/vc_column_text][\/vc_column][\/vc_row][vc_row][vc_column][vc_separator style=&#8221;shadow&#8221;][\/vc_column][\/vc_row][vc_row][vc_column width=&#8221;1\/4&#8243;][vc_single_image image=&#8221;249&#8243; img_size=&#8221;full&#8221;][\/vc_column][vc_column width=&#8221;3\/4&#8243;][vc_custom_heading text=&#8221;VroomVroom van \u2018t Rublisiehof&#8221; font_container=&#8221;tag:h4|text_align:left&#8221;][vc_btn title=&#8221;Meer info&#8221; link=&#8221;url:https%3A%2F%2Foffborderhill.be%2Findex.php%2Fmazures-border-collies%2Fonze-honden%2Fvroomvroom%2F|title:VroomVroom&#8221;][\/vc_column][\/vc_row][vc_row][vc_column][vc_separator style=&#8221;shadow&#8221;][\/vc_column][\/vc_row][vc_row][vc_column width=&#8221;1\/4&#8243;][vc_single_image image=&#8221;559&#8243; img_size=&#8221;full&#8221;][\/vc_column][vc_column width=&#8221;3\/4&#8243;][vc_custom_heading text=&#8221;Free Spirit borders United Force Cooper&#8221; font_container=&#8221;tag:h4|text_align:left&#8221; link=&#8221;url:https%3A%2F%2Foffborderhill.be%2Findex.php%2Ffree-spirit-borders-united-force-cooper%2F|title:Free%20Spirit%20Borders%20United%20Force%20Cooper&#8221;][vc_btn title=&#8221;More info&#8221; link=&#8221;url:https%3A%2F%2Foffborderhill.be%2Findex.php%2Ffree-spirit-borders-united-force-cooper%2F|title:Free%20Spirit%20Borders%20United%20Force%20Cooper&#8221;][\/vc_column][\/vc_row][vc_row][vc_column][vc_separator style=&#8221;shadow&#8221;][\/vc_column][\/vc_row][vc_row][vc_column width=&#8221;1\/4&#8243;][vc_single_image image=&#8221;193&#8243; img_size=&#8221;full&#8221;][\/vc_column][vc_column width=&#8221;3\/4&#8243;][vc_custom_heading text=&#8221;EOTW Real Good Feeling&#8221; font_container=&#8221;tag:h4|text_align:left&#8221;][vc_btn title=&#8221;Meer info&#8221; link=&#8221;url:https%3A%2F%2Foffborderhill.be%2Findex.php%2Fmazures-border-collies%2Fonze-honden%2Feotw-real-good-feeling%2F|title:EOTW%20Real%20Good%20Feeling&#8221;][\/vc_column][\/vc_row][vc_row][vc_column][vc_separator style=&#8221;shadow&#8221;][\/vc_column][\/vc_row][vc_row][vc_column width=&#8221;1\/4&#8243;][vc_single_image image=&#8221;202&#8243; img_size=&#8221;full&#8221;][\/vc_column][vc_column width=&#8221;3\/4&#8243;][vc_custom_heading text=&#8221;Special Request for Mazures&#8221; font_container=&#8221;tag:h4|text_align:left&#8221;][vc_btn title=&#8221;Meer info&#8221; link=&#8221;url:https%3A%2F%2Foffborderhill.be%2Findex.php%2Fmazures-border-collies%2Fonze-honden%2Fspecial-request-for-mazures%2F|title:Special%20Request%20for%20Mazures&#8221;][\/vc_column][\/vc_row][vc_row][vc_column][vc_separator style=&#8221;shadow&#8221;][\/vc_column][\/vc_row][vc_row][vc_column width=&#8221;1\/4&#8243;][vc_single_image image=&#8221;760&#8243; img_size=&#8221;full&#8221;][\/vc_column][vc_column width=&#8221;3\/4&#8243;][vc_custom_heading text=&#8221;Wild Storm Keep Jumping&#8221; font_container=&#8221;tag:h4|text_align:left&#8221;][vc_btn title=&#8221;Meer info&#8221; link=&#8221;url:https%3A%2F%2Foffborderhill.be%2Findex.php%2Fjumpy-2%2F|title:Special%20Request%20for%20Mazures&#8221;][\/vc_column][\/vc_row]<\/p>\n<\/div>","protected":false},"excerpt":{"rendered":"<p>[vc_row css=&#8221;.vc_custom_1671196035757{margin-top: 50px !important;}&#8221;][vc_column][vc_column_text]Gezondheid en welzijn staat centraal. Al onze honden zijn getest op erfelijke aandoeningen en worden geregistreerd in het stamboek. Klik voor meer informatie op \u00e9\u00e9n van onderstaande honden.[\/vc_column_text][\/vc_column][\/vc_row][vc_row][vc_column][vc_separator style=&#8221;shadow&#8221;][\/vc_column][\/vc_row][vc_row][vc_column width=&#8221;1\/4&#8243;][vc_single_image image=&#8221;249&#8243; img_size=&#8221;full&#8221;][\/vc_column][vc_column width=&#8221;3\/4&#8243;][vc_custom_heading text=&#8221;VroomVroom van \u2018t Rublisiehof&#8221; font_container=&#8221;tag:h4|text_align:left&#8221;][vc_btn title=&#8221;Meer info&#8221; link=&#8221;url:https%3A%2F%2Foffborderhill.be%2Findex.php%2Fmazures-border-collies%2Fonze-honden%2Fvroomvroom%2F|title:VroomVroom&#8221;][\/vc_column][\/vc_row][vc_row][vc_column][vc_separator style=&#8221;shadow&#8221;][\/vc_column][\/vc_row][vc_row][vc_column width=&#8221;1\/4&#8243;][vc_single_image image=&#8221;559&#8243; img_size=&#8221;full&#8221;][\/vc_column][vc_column width=&#8221;3\/4&#8243;][vc_custom_heading text=&#8221;Free [&hellip;]<\/p>\n","protected":false},"author":1,"featured_media":0,"parent":0,"menu_order":0,"comment_status":"closed","ping_status":"closed","template":"","meta":{"_nl_post_content":"[vc_row css=\".vc_custom_1671196035757{margin-top: 50px !important;}\"][vc_column][vc_column_text]<span class=\"color_11\"><span>Gezondheid en welzijn staat centraal. Al onze honden zijn getest op erfelijke aandoeningen en worden geregistreerd in het stamboek.<\/span><\/span>\r\n\r\nKlik voor meer informatie op \u00e9\u00e9n van onderstaande honden.[\/vc_column_text][\/vc_column][\/vc_row][vc_row][vc_column][vc_separator style=\"shadow\"][\/vc_column][\/vc_row][vc_row][vc_column width=\"1\/4\"][vc_single_image image=\"249\" img_size=\"full\"][\/vc_column][vc_column width=\"3\/4\"][vc_custom_heading text=\"VroomVroom van \u2018t Rublisiehof\" font_container=\"tag:h4|text_align:left\"][vc_btn title=\"Meer info\" link=\"url:https%3A%2F%2Foffborderhill.be%2Findex.php%2Fmazures-border-collies%2Fonze-honden%2Fvroomvroom%2F|title:VroomVroom\"][\/vc_column][\/vc_row][vc_row][vc_column][vc_separator style=\"shadow\"][\/vc_column][\/vc_row][vc_row][vc_column width=\"1\/4\"][vc_single_image image=\"559\" img_size=\"full\"][\/vc_column][vc_column width=\"3\/4\"][vc_custom_heading text=\"Free Spirit borders United Force Cooper\" font_container=\"tag:h4|text_align:left\" link=\"url:https%3A%2F%2Foffborderhill.be%2Findex.php%2Ffree-spirit-borders-united-force-cooper%2F|title:Free%20Spirit%20Borders%20United%20Force%20Cooper\"][vc_btn title=\"More info\" link=\"url:https%3A%2F%2Foffborderhill.be%2Findex.php%2Ffree-spirit-borders-united-force-cooper%2F|title:Free%20Spirit%20Borders%20United%20Force%20Cooper\"][\/vc_column][\/vc_row][vc_row][vc_column][vc_separator style=\"shadow\"][\/vc_column][\/vc_row][vc_row][vc_column width=\"1\/4\"][vc_single_image image=\"193\" img_size=\"full\"][\/vc_column][vc_column width=\"3\/4\"][vc_custom_heading text=\"EOTW Real Good Feeling\" font_container=\"tag:h4|text_align:left\"][vc_btn title=\"Meer info\" link=\"url:https%3A%2F%2Foffborderhill.be%2Findex.php%2Fmazures-border-collies%2Fonze-honden%2Feotw-real-good-feeling%2F|title:EOTW%20Real%20Good%20Feeling\"][\/vc_column][\/vc_row][vc_row][vc_column][vc_separator style=\"shadow\"][\/vc_column][\/vc_row][vc_row][vc_column width=\"1\/4\"][vc_single_image image=\"202\" img_size=\"full\"][\/vc_column][vc_column width=\"3\/4\"][vc_custom_heading text=\"Special Request for Mazures\" font_container=\"tag:h4|text_align:left\"][vc_btn title=\"Meer info\" link=\"url:https%3A%2F%2Foffborderhill.be%2Findex.php%2Fmazures-border-collies%2Fonze-honden%2Fspecial-request-for-mazures%2F|title:Special%20Request%20for%20Mazures\"][\/vc_column][\/vc_row][vc_row][vc_column][vc_separator style=\"shadow\"][\/vc_column][\/vc_row][vc_row][vc_column width=\"1\/4\"][vc_single_image image=\"760\" img_size=\"full\"][\/vc_column][vc_column width=\"3\/4\"][vc_custom_heading text=\"Wild Storm Keep Jumping\" font_container=\"tag:h4|text_align:left\"][vc_btn title=\"Meer info\" link=\"url:https%3A%2F%2Foffborderhill.be%2Findex.php%2Fjumpy-2%2F|title:Special%20Request%20for%20Mazures\"][\/vc_column][\/vc_row]","_nl_post_name":"reuen","_nl_post_excerpt":"","_nl_post_title":"Reuen","_en_post_content":"<p>[vc_row css=\".vc_custom_1671196035757{margin-top: 50px !important;}\"][vc_column][vc_column_text]Health and well-being are central. All our dogs have been tested for hereditary conditions and are registered in the studbook.<\/p>\r\n<p>Click on one of the dogs below for more information.[\/vc_column_text][\/vc_column][\/vc_row][vc_row][vc_column][vc_separator style=\"shadow\"][\/vc_column][\/vc_row][vc_row][vc_column width=\"1\/4\"][vc_single_image image=\"249\" img_size=\"full\"][\/vc_column][vc_column width=\"3\/4\"][vc_custom_heading text=\"VroomVroom van \u2018t Rublisiehof\" font_container=\"tag:h4|text_align:left\"][vc_btn title=\"More info\" link=\"url:https%3A%2F%2Foffborderhill.be%2Findex.php%2Fmazures-border-collies%2Fonze-honden%2Fvroomvroom-van-t-rublisiehof%2F|title:Mazures%20Qualification\"][\/vc_column][\/vc_row][vc_row][vc_column][vc_separator style=\"shadow\"][\/vc_column][\/vc_row][vc_row][vc_column width=\"1\/4\"][vc_single_image image=\"559\" img_size=\"full\"][\/vc_column][vc_column width=\"3\/4\"][vc_custom_heading text=\"Free Spirit borders United Force Cooper\" font_container=\"tag:h4|text_align:left\" link=\"url:https%3A%2F%2Foffborderhill.be%2Findex.php%2Ffree-spirit-borders-united-force-cooper%2F|title:Free%20Spirit%20Borders%20United%20Force%20Cooper\"][vc_btn title=\"More info\" link=\"url:https%3A%2F%2Foffborderhill.be%2Findex.php%2Ffree-spirit-borders-united-force-cooper%2F|title:Free%20Spirit%20Borders%20United%20Force%20Cooper\"][\/vc_column][\/vc_row][vc_row][vc_column][vc_separator style=\"shadow\"][\/vc_column][\/vc_row][vc_row][vc_column width=\"1\/4\"][vc_single_image image=\"193\" img_size=\"full\"][\/vc_column][vc_column width=\"3\/4\"][vc_custom_heading text=\"EOTW Real Good Feeling\" font_container=\"tag:h4|text_align:left\"][vc_btn title=\"More info\" link=\"url:https%3A%2F%2Foffborderhill.be%2Findex.php%2Fmazures-border-collies%2Fonze-honden%2Feotw-real-good-feeling%2F|title:EOTW%20Real%20Good%20Feeling\"][\/vc_column][\/vc_row][vc_row][vc_column][vc_separator style=\"shadow\"][\/vc_column][\/vc_row][vc_row][vc_column width=\"1\/4\"][vc_single_image image=\"202\" img_size=\"full\"][\/vc_column][vc_column width=\"3\/4\"][vc_custom_heading text=\"Special Request for Mazures\" font_container=\"tag:h4|text_align:left\"][vc_btn title=\"More info\" link=\"url:https%3A%2F%2Foffborderhill.be%2Findex.php%2Fmazures-border-collies%2Fonze-honden%2Fspecial-request-for-mazures%2F|title:Special%20Request%20for%20Mazures\"][\/vc_column][\/vc_row][vc_row][vc_column][vc_separator style=\"shadow\"][\/vc_column][\/vc_row][vc_row][vc_column width=\"1\/4\"][vc_single_image image=\"760\" img_size=\"full\"][\/vc_column][vc_column width=\"3\/4\"][vc_custom_heading text=\"Wild Storm Keep Jumping\" font_container=\"tag:h4|text_align:left\"][vc_btn title=\"More info\" link=\"url:https%3A%2F%2Foffborderhill.be%2Findex.php%2Fjumpy-2%2F|title:Special%20Request%20for%20Mazures\"][\/vc_column][\/vc_row]<\/p>\r\n","_en_post_name":"reuen","_en_post_excerpt":"","_en_post_title":"Males","_fr_post_content":"<p>[vc_row css=\".vc_custom_1671196035757{margin-top: 50px !important;}\"][vc_column][vc_column_text]La sant\u00e9 et le bien-\u00eatre sont centraux. Tous nos chiens ont \u00e9t\u00e9 test\u00e9s pour les maladies h\u00e9r\u00e9ditaires et sont inscrits au stud-book.<\/p>\r\n<p>Cliquez sur l'un des chiens ci-dessous pour plus d'informations.[\/vc_column_text][\/vc_column][\/vc_row][vc_row][vc_column][vc_separator style=\"shadow\"][\/vc_column][\/vc_row][vc_row][vc_column width=\"1\/4\"][vc_single_image image=\"249\" img_size=\"full\"][\/vc_column][vc_column width=\"3\/4\"][vc_custom_heading text=\"VroomVroom van \u2018t Rublisiehof\" font_container=\"tag:h4|text_align:left\"][vc_btn title=\"Plus d'infos\" link=\"url:https%3A%2F%2Foffborderhill.be%2Findex.php%2Fmazures-border-collies%2Fonze-honden%2Fvroomvroom-van-t-rublisiehof%2F|title:Mazures%20Qualification\"][\/vc_column][\/vc_row][vc_row][vc_column][vc_separator style=\"shadow\"][\/vc_column][\/vc_row][vc_row][vc_column width=\"1\/4\"][vc_single_image image=\"559\" img_size=\"full\"][\/vc_column][vc_column width=\"3\/4\"][vc_custom_heading text=\"Free Spirit borders United Force Cooper\" font_container=\"tag:h4|text_align:left\" link=\"url:https%3A%2F%2Foffborderhill.be%2Findex.php%2Ffree-spirit-borders-united-force-cooper%2F|title:Free%20Spirit%20Borders%20United%20Force%20Cooper\"][vc_btn title=\"Plus d'infos\" link=\"url:https%3A%2F%2Foffborderhill.be%2Findex.php%2Ffree-spirit-borders-united-force-cooper%2F|title:Free%20Spirit%20Borders%20United%20Force%20Cooper\"][\/vc_column][\/vc_row][vc_row][vc_column][vc_separator style=\"shadow\"][\/vc_column][\/vc_row][vc_row][vc_column width=\"1\/4\"][vc_single_image image=\"193\" img_size=\"full\"][\/vc_column][vc_column width=\"3\/4\"][vc_custom_heading text=\"EOTW Real Good Feeling\" font_container=\"tag:h4|text_align:left\"][vc_btn title=\"Plus d'infos\" link=\"url:https%3A%2F%2Foffborderhill.be%2Findex.php%2Fmazures-border-collies%2Fonze-honden%2Feotw-real-good-feeling%2F|title:EOTW%20Real%20Good%20Feeling\"][\/vc_column][\/vc_row][vc_row][vc_column][vc_separator style=\"shadow\"][\/vc_column][\/vc_row][vc_row][vc_column width=\"1\/4\"][vc_single_image image=\"202\" img_size=\"full\"][\/vc_column][vc_column width=\"3\/4\"][vc_custom_heading text=\"Special Request for Mazures\" font_container=\"tag:h4|text_align:left\"][vc_btn title=\"Plus d'infos\" link=\"url:https%3A%2F%2Foffborderhill.be%2Findex.php%2Fmazures-border-collies%2Fonze-honden%2Fspecial-request-for-mazures%2F|title:Special%20Request%20for%20Mazures\"][\/vc_column][\/vc_row][vc_row][vc_column][vc_separator style=\"shadow\"][\/vc_column][\/vc_row][vc_row][vc_column width=\"1\/4\"][vc_single_image image=\"760\" img_size=\"full\"][\/vc_column][vc_column width=\"3\/4\"][vc_custom_heading text=\"Wild Storm Keep Jumping\" font_container=\"tag:h4|text_align:left\"][vc_btn title=\"Plus d'infos\" link=\"url:https%3A%2F%2Foffborderhill.be%2Findex.php%2Fjumpy-2%2F|title:Special%20Request%20for%20Mazures\"][\/vc_column][\/vc_row]<\/p>\r\n","_fr_post_name":"reuen","_fr_post_excerpt":"","_fr_post_title":"Males","edit_language":"nl","footnotes":""},"class_list":["post-615","page","type-page","status-publish","hentry"],"_links":{"self":[{"href":"https:\/\/offborderhill.be\/index.php\/wp-json\/wp\/v2\/pages\/615","targetHints":{"allow":["GET"]}}],"collection":[{"href":"https:\/\/offborderhill.be\/index.php\/wp-json\/wp\/v2\/pages"}],"about":[{"href":"https:\/\/offborderhill.be\/index.php\/wp-json\/wp\/v2\/types\/page"}],"author":[{"embeddable":true,"href":"https:\/\/offborderhill.be\/index.php\/wp-json\/wp\/v2\/users\/1"}],"replies":[{"embeddable":true,"href":"https:\/\/offborderhill.be\/index.php\/wp-json\/wp\/v2\/comments?post=615"}],"version-history":[{"count":10,"href":"https:\/\/offborderhill.be\/index.php\/wp-json\/wp\/v2\/pages\/615\/revisions"}],"predecessor-version":[{"id":840,"href":"https:\/\/offborderhill.be\/index.php\/wp-json\/wp\/v2\/pages\/615\/revisions\/840"}],"wp:attachment":[{"href":"https:\/\/offborderhill.be\/index.php\/wp-json\/wp\/v2\/media?parent=615"}],"curies":[{"name":"wp","href":"https:\/\/api.w.org\/{rel}","templated":true}]}}