{"id":605,"date":"2023-08-31T17:46:16","date_gmt":"2023-08-31T17:46:16","guid":{"rendered":"https:\/\/offborderhill.be\/?page_id=605"},"modified":"2023-12-12T19:16:37","modified_gmt":"2023-12-12T19:16:37","slug":"poezen","status":"publish","type":"page","link":"https:\/\/offborderhill.be\/index.php\/poezen\/","title":{"rendered":"Poezen"},"content":{"rendered":"<div class=\"wpb-content-wrapper\"><p>[vc_row css=&#8221;.vc_custom_1671196035757{margin-top: 50px !important;}&#8221;][vc_column][vc_empty_space][vc_column_text]<\/p>\n<p class=\"font_9\"><span class=\"color_11\">Onze bengalen zijn zorgvuldig geselecteerd en maken deel uit van ons dagelijks leven.\u00a0 Gezondheid staat voorop naast\u00a0 karakter en conformiteit van het ras. De poezen welke u hier terugvindt wonen bij mij in de Hoge Venen.\u00a0<\/span><\/p>\n<p>Wil u graag een volwassen bengaal in huis nemen?\u00a0 Wij hebben in 2023\u00a0 2 poezen en een kater welke een forever huisje zoeken. Volledig gescreend en\u00a0 up to date met hun vaccins. Kontakteer ons vrijblijvend voor meer info.<\/p>\n<p class=\"font_9\"><span class=\"color_11\">U kan ook onze andere poezen terugvinden op de website van mijn zus\u00a0 <span><a href=\"https:\/\/www.pons.be\/Bengal\/\" target=\"_blank\" rel=\"noopener\">https:\/\/www.pons.be\/bengal\/<\/a><\/span><\/span><\/p>\n<p>[\/vc_column_text][\/vc_column][\/vc_row][vc_row][vc_column width=&#8221;1\/4&#8243;][vc_single_image image=&#8221;307&#8243; img_size=&#8221;full&#8221;][\/vc_column][vc_column width=&#8221;3\/4&#8243;][vc_custom_heading text=&#8221;Goralguru Born to Impress&#8221; font_container=&#8221;tag:h4|text_align:left&#8221;][vc_btn title=&#8221;Meer info&#8221; link=&#8221;url:https%3A%2F%2Foffborderhill.be%2Findex.php%2Fgoralguru-born-to-impress%2F|title:EOTW%20Real%20Good%20Feeling&#8221;][\/vc_column][\/vc_row][vc_row][vc_column][vc_separator style=&#8221;shadow&#8221;][\/vc_column][\/vc_row][vc_row][vc_column width=&#8221;1\/4&#8243;][vc_single_image image=&#8221;340&#8243; img_size=&#8221;full&#8221;][\/vc_column][vc_column width=&#8221;3\/4&#8243;][vc_custom_heading text=&#8221;Madness bengal The Revolution&#8221; font_container=&#8221;tag:h4|text_align:left&#8221;][vc_btn title=&#8221;Meer info&#8221; link=&#8221;url:https%3A%2F%2Foffborderhill.be%2Findex.php%2Fmadness-bengal-the-revolution%2F|title:A%20Red%20Revenge%20v%20Benvenidas%20Joy&#8221;][\/vc_column][\/vc_row][vc_row][vc_column][vc_separator style=&#8221;shadow&#8221;][\/vc_column][\/vc_row][vc_row][vc_column width=&#8221;1\/4&#8243;][vc_images_carousel images=&#8221;532&#8243; img_size=&#8221;full&#8221;][\/vc_column][vc_column width=&#8221;3\/4&#8243;][vc_custom_heading text=&#8221;Goralguru Emerald&#8221; font_container=&#8221;tag:h4|text_align:left&#8221;][vc_btn title=&#8221;Meer info&#8221;][\/vc_column][\/vc_row]<\/p>\n<\/div>","protected":false},"excerpt":{"rendered":"<p>[vc_row css=&#8221;.vc_custom_1671196035757{margin-top: 50px !important;}&#8221;][vc_column][vc_empty_space][vc_column_text] Onze bengalen zijn zorgvuldig geselecteerd en maken deel uit van ons dagelijks leven.\u00a0 Gezondheid staat voorop naast\u00a0 karakter en conformiteit van het ras. De poezen welke u hier terugvindt wonen bij mij in de Hoge Venen.\u00a0 Wil u graag een volwassen bengaal in huis nemen?\u00a0 Wij [&hellip;]<\/p>\n","protected":false},"author":1,"featured_media":0,"parent":0,"menu_order":0,"comment_status":"closed","ping_status":"closed","template":"","meta":{"_nl_post_content":"[vc_row css=\".vc_custom_1671196035757{margin-top: 50px !important;}\"][vc_column][vc_empty_space][vc_column_text]\r\n<p class=\"font_9\"><span class=\"color_11\">Onze bengalen zijn zorgvuldig geselecteerd en maken deel uit van ons dagelijks leven.\u00a0 Gezondheid staat voorop naast\u00a0 karakter en conformiteit van het ras. De poezen welke u hier terugvindt wonen bij mij in de Hoge Venen.\u00a0<\/span><\/p>\r\nWil u graag een volwassen bengaal in huis nemen?\u00a0 Wij hebben in 2023\u00a0 2 poezen en een kater welke een forever huisje zoeken. Volledig gescreend en\u00a0 up to date met hun vaccins. Kontakteer ons vrijblijvend voor meer info.\r\n<p class=\"font_9\"><span class=\"color_11\">U kan ook onze andere poezen terugvinden op de website van mijn zus\u00a0 <span><a href=\"https:\/\/www.pons.be\/Bengal\/\" target=\"_blank\" rel=\"noopener\">https:\/\/www.pons.be\/bengal\/<\/a><\/span><\/span><\/p>\r\n[\/vc_column_text][\/vc_column][\/vc_row][vc_row][vc_column width=\"1\/4\"][vc_single_image image=\"307\" img_size=\"full\"][\/vc_column][vc_column width=\"3\/4\"][vc_custom_heading text=\"Goralguru Born to Impress\" font_container=\"tag:h4|text_align:left\"][vc_btn title=\"Meer info\" link=\"url:https%3A%2F%2Foffborderhill.be%2Findex.php%2Fgoralguru-born-to-impress%2F|title:EOTW%20Real%20Good%20Feeling\"][\/vc_column][\/vc_row][vc_row][vc_column][vc_separator style=\"shadow\"][\/vc_column][\/vc_row][vc_row][vc_column width=\"1\/4\"][vc_single_image image=\"340\" img_size=\"full\"][\/vc_column][vc_column width=\"3\/4\"][vc_custom_heading text=\"Madness bengal The Revolution\" font_container=\"tag:h4|text_align:left\"][vc_btn title=\"Meer info\" link=\"url:https%3A%2F%2Foffborderhill.be%2Findex.php%2Fmadness-bengal-the-revolution%2F|title:A%20Red%20Revenge%20v%20Benvenidas%20Joy\"][\/vc_column][\/vc_row][vc_row][vc_column][vc_separator style=\"shadow\"][\/vc_column][\/vc_row][vc_row][vc_column width=\"1\/4\"][vc_images_carousel images=\"532\" img_size=\"full\"][\/vc_column][vc_column width=\"3\/4\"][vc_custom_heading text=\"Goralguru Emerald\" font_container=\"tag:h4|text_align:left\"][vc_btn title=\"Meer info\"][\/vc_column][\/vc_row]","_nl_post_name":"poezen","_nl_post_excerpt":"","_nl_post_title":"Poezen","_en_post_content":"[vc_row css=\".vc_custom_1671196035757{margin-top: 50px !important;}\"][vc_column][vc_empty_space][vc_column_text]Our Bengals have been carefully selected and are part of our daily lives. Health comes first in addition to character and conformation of the breed. The cats you find here live with me in the High Fens.\r\n\r\nWould you like to take an adult Bengal into your home? In 2023 we have 2 cats and a male who are looking for a forever home. Fully screened and up to date with their vaccines. Contact us without obligation for more information.\r\n\r\nYou can also find our other cats on my sister's website https:\/\/www.pons.be\/bengal\/[\/vc_column_text][\/vc_column][\/vc_row][vc_row][vc_column width=\"1\/4\"][vc_single_image image=\"307\" img_size=\"full\"][\/vc_column][vc_column width=\"3\/4\"][vc_custom_heading text=\"Goralguru Born to Impress\" font_container=\"tag:h4|text_align:left\"][vc_btn title=\"More info\" link=\"url:https%3A%2F%2Foffborderhill.be%2Findex.php%2Fgoralguru-born-to-impress%2F|title:EOTW%20Real%20Good%20Feeling\"][\/vc_column][\/vc_row][vc_row][vc_column][vc_separator style=\"shadow\"][\/vc_column][\/vc_row][vc_row][vc_column width=\"1\/4\"][vc_single_image image=\"340\" img_size=\"full\"][\/vc_column][vc_column width=\"3\/4\"][vc_custom_heading text=\"Madness bengal The Revolution\" font_container=\"tag:h4|text_align:left\"][vc_btn title=\"More info\" link=\"url:https%3A%2F%2Foffborderhill.be%2Findex.php%2Fmadness-bengal-the-revolution%2F|title:A%20Red%20Revenge%20v%20Benvenidas%20Joy\"][\/vc_column][\/vc_row][vc_row][vc_column][vc_separator style=\"shadow\"][\/vc_column][\/vc_row][vc_row][vc_column width=\"1\/4\"][vc_images_carousel images=\"532\" img_size=\"full\"][\/vc_column][vc_column width=\"3\/4\"][vc_custom_heading text=\"Goralguru Emerald\" font_container=\"tag:h4|text_align:left\"][vc_btn title=\"More info\"][\/vc_column][\/vc_row]","_en_post_name":"females","_en_post_excerpt":"","_en_post_title":"Females","_fr_post_content":"[vc_row css=\".vc_custom_1671196035757{margin-top: 50px !important;}\"][vc_column][vc_empty_space][vc_column_text]\r\n<p class=\"font_9\"><span class=\"color_11\">Nos Bengals sont pr\u00e9cieusement s\u00e9lectionn\u00e9 et font parti de notre quotidien.\u00a0 Leurs sant\u00e9 et leur caract\u00e8re\u00a0 en plus de la conformit\u00e9 de la race et primordial.\u00a0 Les chats repr\u00e9senter ici habitent chez moi dans les Hautes Fagnes, province de Li\u00e8ge.\u00a0<\/span><\/p>\r\nSi vous voulez acqu\u00e9rir un bengal soit chaton, soit adulte, n'hesitez pas a nous contacter.\r\n<p class=\"font_9\"><span class=\"color_11\">Vous trouverez \u00e9galement nos autres chats sur le site de ma soeur Katja Jasica.\u00a0 <span><a href=\"https:\/\/www.pons.be\/Bengal\/\" target=\"_blank\" rel=\"noopener\">https:\/\/www.pons.be\/bengal\/<\/a><\/span><\/span><\/p>\r\n[\/vc_column_text][\/vc_column][\/vc_row][vc_row][vc_column width=\"1\/4\"][vc_single_image image=\"307\" img_size=\"full\"][\/vc_column][vc_column width=\"3\/4\"][vc_custom_heading text=\"Goralguru Born to Impress\" font_container=\"tag:h4|text_align:left\"][vc_btn title=\"Plus d'infos\" link=\"url:https%3A%2F%2Foffborderhill.be%2Findex.php%2Fgoralguru-born-to-impress%2F|title:EOTW%20Real%20Good%20Feeling\"][\/vc_column][\/vc_row][vc_row][vc_column][vc_separator style=\"shadow\"][\/vc_column][\/vc_row][vc_row][vc_column width=\"1\/4\"][vc_single_image image=\"340\" img_size=\"full\"][\/vc_column][vc_column width=\"3\/4\"][vc_custom_heading text=\"Madness bengal The Revolution\" font_container=\"tag:h4|text_align:left\"][vc_btn title=\"Plus d'infos\" link=\"url:https%3A%2F%2Foffborderhill.be%2Findex.php%2Fmadness-bengal-the-revolution%2F|title:A%20Red%20Revenge%20v%20Benvenidas%20Joy\"][\/vc_column][\/vc_row][vc_row][vc_column][vc_separator style=\"shadow\"][\/vc_column][\/vc_row][vc_row][vc_column width=\"1\/4\"][vc_images_carousel images=\"532\" img_size=\"full\"][\/vc_column][vc_column width=\"3\/4\"][vc_custom_heading text=\"Goralguru Emerald\" font_container=\"tag:h4|text_align:left\"][vc_btn title=\"Plus d'infos\"][\/vc_column][\/vc_row]","_fr_post_name":"femelles","_fr_post_excerpt":"","_fr_post_title":"Femelles","edit_language":"nl","footnotes":""},"class_list":["post-605","page","type-page","status-publish","hentry"],"_links":{"self":[{"href":"https:\/\/offborderhill.be\/index.php\/wp-json\/wp\/v2\/pages\/605","targetHints":{"allow":["GET"]}}],"collection":[{"href":"https:\/\/offborderhill.be\/index.php\/wp-json\/wp\/v2\/pages"}],"about":[{"href":"https:\/\/offborderhill.be\/index.php\/wp-json\/wp\/v2\/types\/page"}],"author":[{"embeddable":true,"href":"https:\/\/offborderhill.be\/index.php\/wp-json\/wp\/v2\/users\/1"}],"replies":[{"embeddable":true,"href":"https:\/\/offborderhill.be\/index.php\/wp-json\/wp\/v2\/comments?post=605"}],"version-history":[{"count":7,"href":"https:\/\/offborderhill.be\/index.php\/wp-json\/wp\/v2\/pages\/605\/revisions"}],"predecessor-version":[{"id":817,"href":"https:\/\/offborderhill.be\/index.php\/wp-json\/wp\/v2\/pages\/605\/revisions\/817"}],"wp:attachment":[{"href":"https:\/\/offborderhill.be\/index.php\/wp-json\/wp\/v2\/media?parent=605"}],"curies":[{"name":"wp","href":"https:\/\/api.w.org\/{rel}","templated":true}]}}