{"id":603,"date":"2023-08-31T17:45:16","date_gmt":"2023-08-31T17:45:16","guid":{"rendered":"https:\/\/offborderhill.be\/?page_id=603"},"modified":"2023-12-12T15:00:06","modified_gmt":"2023-12-12T15:00:06","slug":"op-rust","status":"publish","type":"page","link":"https:\/\/offborderhill.be\/index.php\/op-rust\/","title":{"rendered":"Op rust"},"content":{"rendered":"<div class=\"wpb-content-wrapper\"><p>[vc_row css=&#8221;.vc_custom_1671196035757{margin-top: 50px !important;}&#8221;][vc_column][vc_empty_space][vc_column_text]<\/p>\n<p class=\"font_9\"><span class=\"color_11\">Onze bengalen zijn zorgvuldig geselecteerd en maken deel uit van ons dagelijks leven.\u00a0 Gezondheid staat voorop naast\u00a0 karakter en conformiteit van het ras. De poezen welke u hier terugvindt wonen bij mij in de Hoge Venen.\u00a0<\/span><\/p>\n<p>Wil u graag een volwassen bengaal in huis nemen?\u00a0 Wij hebben in 2023\u00a0 2 poezen en een kater welke een forever huisje zoeken. Volledig gescreend en\u00a0 up to date met hun vaccins. Kontakteer ons vrijblijvend voor meer info.<\/p>\n<p class=\"font_9\"><span class=\"color_11\">U kan ook onze andere poezen terugvinden op de website van mijn zus\u00a0 <span><a href=\"https:\/\/www.pons.be\/Bengal\/\" target=\"_blank\" rel=\"noopener\">https:\/\/www.pons.be\/bengal\/<\/a><\/span><\/span><\/p>\n<p>[\/vc_column_text][\/vc_column][\/vc_row][vc_row][vc_column width=&#8221;1\/3&#8243;][vc_custom_heading text=&#8221;Arindicats Ice Crystal for Goralguru&#8221; font_container=&#8221;tag:h4|text_align:center&#8221;][vc_single_image image=&#8221;293&#8243; img_size=&#8221;full&#8221;][vc_btn title=&#8221;Meer info&#8221; link=&#8221;url:https%3A%2F%2Foffborderhill.be%2Findex.php%2Farindicats-ice-crystal-for-goralguru%2F|title:EOTW%20Real%20Good%20Feeling&#8221;][\/vc_column][vc_column width=&#8221;1\/3&#8243;][vc_custom_heading text=&#8221;Goralguru Ice Black Fire&#8221; font_container=&#8221;tag:h4|text_align:center&#8221;][vc_single_image image=&#8221;300&#8243; img_size=&#8221;full&#8221;][vc_btn title=&#8221;Meer info&#8221; link=&#8221;url:https%3A%2F%2Foffborderhill.be%2Findex.php%2Fgoralguru-ice-black-fire%2F|title:Mazures%20One%20for%20Rublisie%20Thorin&#8221;][\/vc_column][\/vc_row][vc_row][vc_column width=&#8221;1\/3&#8243;][vc_custom_heading text=&#8221;CH. Guru Gabbana of Goralguru&#8221; font_container=&#8221;tag:h4|text_align:center&#8221;][vc_single_image image=&#8221;313&#8243; img_size=&#8221;full&#8221;][vc_btn title=&#8221;Meer info&#8221; link=&#8221;url:https%3A%2F%2Foffborderhill.be%2Findex.php%2Fch-guru-gabbana-of-goralguru%2F|title:A%20Red%20Revenge%20v%20Benvenidas%20Joy&#8221;][\/vc_column][vc_column width=&#8221;1\/3&#8243;][vc_custom_heading text=&#8221;Ch. Solanaranch Yukiko for Goralguru&#8221; font_container=&#8221;tag:h4|text_align:center&#8221;][vc_single_image image=&#8221;302&#8243; img_size=&#8221;full&#8221;][vc_btn title=&#8221;Meer info&#8221; link=&#8221;url:https%3A%2F%2Foffborderhill.be%2Findex.php%2Fch-solanaranch-yukiko-for-goralguru%2F|title:EOTW%20Real%20Good%20Feeling&#8221;][\/vc_column][\/vc_row][vc_row][vc_column width=&#8221;1\/3&#8243;][vc_custom_heading text=&#8221;Goralguru Veronica&#8221; link=&#8221;url:https%3A%2F%2Foffborderhill.be%2Findex.php%2Fgoralguru-veronica%2F|title:Goralguru%20Veronica&#8221;][vc_single_image image=&#8221;436&#8243; img_size=&#8221;Full&#8221;][vc_btn title=&#8221;Meer info&#8221; link=&#8221;url:https%3A%2F%2Foffborderhill.be%2Findex.php%2Fgoralguru-veronica%2F|title:Goralguru%20Veronica&#8221;][\/vc_column][\/vc_row]<\/p>\n<\/div>","protected":false},"excerpt":{"rendered":"<p>[vc_row css=&#8221;.vc_custom_1671196035757{margin-top: 50px !important;}&#8221;][vc_column][vc_empty_space][vc_column_text] Onze bengalen zijn zorgvuldig geselecteerd en maken deel uit van ons dagelijks leven.\u00a0 Gezondheid staat voorop naast\u00a0 karakter en conformiteit van het ras. De poezen welke u hier terugvindt wonen bij mij in de Hoge Venen.\u00a0 Wil u graag een volwassen bengaal in huis nemen?\u00a0 Wij [&hellip;]<\/p>\n","protected":false},"author":1,"featured_media":0,"parent":0,"menu_order":0,"comment_status":"closed","ping_status":"closed","template":"","meta":{"_nl_post_content":"[vc_row css=\".vc_custom_1671196035757{margin-top: 50px !important;}\"][vc_column][vc_empty_space][vc_column_text]\r\n<p class=\"font_9\"><span class=\"color_11\">Onze bengalen zijn zorgvuldig geselecteerd en maken deel uit van ons dagelijks leven.\u00a0 Gezondheid staat voorop naast\u00a0 karakter en conformiteit van het ras. De poezen welke u hier terugvindt wonen bij mij in de Hoge Venen.\u00a0<\/span><\/p>\r\nWil u graag een volwassen bengaal in huis nemen?\u00a0 Wij hebben in 2023\u00a0 2 poezen en een kater welke een forever huisje zoeken. Volledig gescreend en\u00a0 up to date met hun vaccins. Kontakteer ons vrijblijvend voor meer info.\r\n<p class=\"font_9\"><span class=\"color_11\">U kan ook onze andere poezen terugvinden op de website van mijn zus\u00a0 <span><a href=\"https:\/\/www.pons.be\/Bengal\/\" target=\"_blank\" rel=\"noopener\">https:\/\/www.pons.be\/bengal\/<\/a><\/span><\/span><\/p>\r\n[\/vc_column_text][\/vc_column][\/vc_row][vc_row][vc_column width=\"1\/3\"][vc_custom_heading text=\"Arindicats Ice Crystal for Goralguru\" font_container=\"tag:h4|text_align:center\"][vc_single_image image=\"293\" img_size=\"full\"][vc_btn title=\"Meer info\" link=\"url:https%3A%2F%2Foffborderhill.be%2Findex.php%2Farindicats-ice-crystal-for-goralguru%2F|title:EOTW%20Real%20Good%20Feeling\"][\/vc_column][vc_column width=\"1\/3\"][vc_custom_heading text=\"Goralguru Ice Black Fire\" font_container=\"tag:h4|text_align:center\"][vc_single_image image=\"300\" img_size=\"full\"][vc_btn title=\"Meer info\" link=\"url:https%3A%2F%2Foffborderhill.be%2Findex.php%2Fgoralguru-ice-black-fire%2F|title:Mazures%20One%20for%20Rublisie%20Thorin\"][\/vc_column][\/vc_row][vc_row][vc_column width=\"1\/3\"][vc_custom_heading text=\"CH. Guru Gabbana of Goralguru\" font_container=\"tag:h4|text_align:center\"][vc_single_image image=\"313\" img_size=\"full\"][vc_btn title=\"Meer info\" link=\"url:https%3A%2F%2Foffborderhill.be%2Findex.php%2Fch-guru-gabbana-of-goralguru%2F|title:A%20Red%20Revenge%20v%20Benvenidas%20Joy\"][\/vc_column][vc_column width=\"1\/3\"][vc_custom_heading text=\"Ch. Solanaranch Yukiko for Goralguru\" font_container=\"tag:h4|text_align:center\"][vc_single_image image=\"302\" img_size=\"full\"][vc_btn title=\"Meer info\" link=\"url:https%3A%2F%2Foffborderhill.be%2Findex.php%2Fch-solanaranch-yukiko-for-goralguru%2F|title:EOTW%20Real%20Good%20Feeling\"][\/vc_column][\/vc_row][vc_row][vc_column width=\"1\/3\"][vc_custom_heading text=\"Goralguru Veronica\" link=\"url:https%3A%2F%2Foffborderhill.be%2Findex.php%2Fgoralguru-veronica%2F|title:Goralguru%20Veronica\"][vc_single_image image=\"436\" img_size=\"Full\"][vc_btn title=\"Meer info\" link=\"url:https%3A%2F%2Foffborderhill.be%2Findex.php%2Fgoralguru-veronica%2F|title:Goralguru%20Veronica\"][\/vc_column][\/vc_row]","_nl_post_name":"op-rust","_nl_post_excerpt":"","_nl_post_title":"Op rust","_en_post_content":"<span class=\"HwtZe\" jsaction=\"mouseup:Sxi9L,BR6jm; mousedown:qjlr0e\" jsname=\"jqKxS\" lang=\"en\"><span jsaction=\"agoMJf:PFBcW;MZfLnc:P7O7bd;nt4Alf:pvnm0e,pfE8Hb,PFBcW;B01qod:dJXsye;H1e5u:iXtTIf;lYIUJf:hij5Wb;bmeZHc:iURhpf;Oxj3Xe:qAKMYb,yaf12d\" jsname=\"txFAF\" class=\"jCAhz ChMk0b\" jscontroller=\"Gn4SMb\"><span class=\"ryNqvb\" jsaction=\"click:E6Tfl,GFf3ac,tMZCfe; contextmenu:Nqw7Te,QP7LD; mouseout:Nqw7Te; mouseover:E6Tfl,c2aHje\" jsname=\"W297wb\">Our Bengals have been carefully selected and are part of our daily lives.<\/span><\/span> <span jsaction=\"agoMJf:PFBcW;MZfLnc:P7O7bd;nt4Alf:pvnm0e,pfE8Hb,PFBcW;B01qod:dJXsye;H1e5u:iXtTIf;lYIUJf:hij5Wb;bmeZHc:iURhpf;Oxj3Xe:qAKMYb,yaf12d\" jsname=\"txFAF\" class=\"jCAhz ChMk0b\" jscontroller=\"Gn4SMb\"><span class=\"ryNqvb\" jsaction=\"click:E6Tfl,GFf3ac,tMZCfe; contextmenu:Nqw7Te,QP7LD; mouseout:Nqw7Te; mouseover:E6Tfl,c2aHje\" jsname=\"W297wb\">Health comes first in addition to\u00a0 character and conformation of the breed.<\/span><\/span> <span jsaction=\"agoMJf:PFBcW;MZfLnc:P7O7bd;nt4Alf:pvnm0e,pfE8Hb,PFBcW;B01qod:dJXsye;H1e5u:iXtTIf;lYIUJf:hij5Wb;bmeZHc:iURhpf;Oxj3Xe:qAKMYb,yaf12d\" jsname=\"txFAF\" class=\"jCAhz ChMk0b\" jscontroller=\"Gn4SMb\"><span class=\"ryNqvb\" jsaction=\"click:E6Tfl,GFf3ac,tMZCfe; contextmenu:Nqw7Te,QP7LD; mouseout:Nqw7Te; mouseover:E6Tfl,c2aHje\" jsname=\"W297wb\">The cats you find here live with me in the High Fens.<\/span><\/span><\/span>\r\n\r\n&nbsp;\r\n\r\n<span class=\"HwtZe\" jsaction=\"mouseup:Sxi9L,BR6jm; mousedown:qjlr0e\" jsname=\"jqKxS\" lang=\"en\"><span jsaction=\"agoMJf:PFBcW;MZfLnc:P7O7bd;nt4Alf:pvnm0e,pfE8Hb,PFBcW;B01qod:dJXsye;H1e5u:iXtTIf;lYIUJf:hij5Wb;bmeZHc:iURhpf;Oxj3Xe:qAKMYb,yaf12d\" jsname=\"txFAF\" class=\"jCAhz\" jscontroller=\"Gn4SMb\"><span class=\"ryNqvb\" jsaction=\"click:E6Tfl,GFf3ac,tMZCfe; contextmenu:Nqw7Te,QP7LD; mouseout:Nqw7Te; mouseover:E6Tfl,c2aHje\" jsname=\"W297wb\"> <\/span><\/span><span jsaction=\"agoMJf:PFBcW;MZfLnc:P7O7bd;nt4Alf:pvnm0e,pfE8Hb,PFBcW;B01qod:dJXsye;H1e5u:iXtTIf;lYIUJf:hij5Wb;bmeZHc:iURhpf;Oxj3Xe:qAKMYb,yaf12d\" jsname=\"txFAF\" class=\"jCAhz ChMk0b\" jscontroller=\"Gn4SMb\"><span class=\"ryNqvb\" jsaction=\"click:E6Tfl,GFf3ac,tMZCfe; contextmenu:Nqw7Te,QP7LD; mouseout:Nqw7Te; mouseover:E6Tfl,c2aHje\" jsname=\"W297wb\">Would you like to take an adult Bengal into your home? Sometimes we need to find a new home for one of our adults. We can keep them all together happy.\u00a0<\/span><\/span> <span jsaction=\"agoMJf:PFBcW;MZfLnc:P7O7bd;nt4Alf:pvnm0e,pfE8Hb,PFBcW;B01qod:dJXsye;H1e5u:iXtTIf;lYIUJf:hij5Wb;bmeZHc:iURhpf;Oxj3Xe:qAKMYb,yaf12d\" jsname=\"txFAF\" class=\"jCAhz ChMk0b\" jscontroller=\"Gn4SMb\"><span class=\"ryNqvb\" jsaction=\"click:E6Tfl,GFf3ac,tMZCfe; contextmenu:Nqw7Te,QP7LD; mouseout:Nqw7Te; mouseover:E6Tfl,c2aHje\" jsname=\"W297wb\">Fully screened and\u00a0 up to date with their vaccinations.<\/span><\/span> <span jsaction=\"agoMJf:PFBcW;MZfLnc:P7O7bd;nt4Alf:pvnm0e,pfE8Hb,PFBcW;B01qod:dJXsye;H1e5u:iXtTIf;lYIUJf:hij5Wb;bmeZHc:iURhpf;Oxj3Xe:qAKMYb,yaf12d\" jsname=\"txFAF\" class=\"jCAhz ChMk0b\" jscontroller=\"Gn4SMb\"><span class=\"ryNqvb\" jsaction=\"click:E6Tfl,GFf3ac,tMZCfe; contextmenu:Nqw7Te,QP7LD; mouseout:Nqw7Te; mouseover:E6Tfl,c2aHje\" jsname=\"W297wb\">Contact us without obligation for more information and we will see if we can help you and our replacer for a lovely home.\r\n<\/span><\/span><\/span>\r\n\r\n&nbsp;\r\n\r\nAs I'm working togehter ith my sister,\u00a0 you can\u00a0 find my sisters cats on her pages\u00a0 <span class=\"color_11\">\u00a0 <span><a href=\"https:\/\/www.pons.be\/Bengal\/\" target=\"_blank\" rel=\"noopener\">https:\/\/www.pons.be\/bengal\/<\/a><\/span><\/span>","_en_post_name":"retired","_en_post_excerpt":"","_en_post_title":"Retired","_fr_post_content":"<span class=\"HwtZe\" jsaction=\"mouseup:Sxi9L,BR6jm; mousedown:qjlr0e\" jsname=\"jqKxS\" lang=\"fr\"><span jsaction=\"agoMJf:PFBcW;MZfLnc:P7O7bd;nt4Alf:pvnm0e,pfE8Hb,PFBcW;B01qod:dJXsye;H1e5u:iXtTIf;lYIUJf:hij5Wb;bmeZHc:iURhpf;Oxj3Xe:qAKMYb,yaf12d\" jsname=\"txFAF\" class=\"jCAhz ChMk0b\" jscontroller=\"Gn4SMb\"><span class=\"ryNqvb\" jsaction=\"click:E6Tfl,GFf3ac,tMZCfe; contextmenu:Nqw7Te,QP7LD; mouseout:Nqw7Te; mouseover:E6Tfl,c2aHje\" jsname=\"W297wb\">Nos Bengals ont \u00e9t\u00e9 soigneusement s\u00e9lectionn\u00e9s et font partie de notre quotidien.<\/span><\/span> <span jsaction=\"agoMJf:PFBcW;MZfLnc:P7O7bd;nt4Alf:pvnm0e,pfE8Hb,PFBcW;B01qod:dJXsye;H1e5u:iXtTIf;lYIUJf:hij5Wb;bmeZHc:iURhpf;Oxj3Xe:qAKMYb,yaf12d\" jsname=\"txFAF\" class=\"jCAhz ChMk0b\" jscontroller=\"Gn4SMb\"><span class=\"ryNqvb\" jsaction=\"click:E6Tfl,GFf3ac,tMZCfe; contextmenu:Nqw7Te,QP7LD; mouseout:Nqw7Te; mouseover:E6Tfl,c2aHje\" jsname=\"W297wb\">La sant\u00e9 passe avant tout en plus du caract\u00e8re et de la conformation de la race.<\/span><\/span> <span jsaction=\"agoMJf:PFBcW;MZfLnc:P7O7bd;nt4Alf:pvnm0e,pfE8Hb,PFBcW;B01qod:dJXsye;H1e5u:iXtTIf;lYIUJf:hij5Wb;bmeZHc:iURhpf;Oxj3Xe:qAKMYb,yaf12d\" jsname=\"txFAF\" class=\"jCAhz ChMk0b\" jscontroller=\"Gn4SMb\"><span class=\"ryNqvb\" jsaction=\"click:E6Tfl,GFf3ac,tMZCfe; contextmenu:Nqw7Te,QP7LD; mouseout:Nqw7Te; mouseover:E6Tfl,c2aHje\" jsname=\"W297wb\">Les chats que vous trouvez ici vivent avec moi dans les Hautes Fagnes.<\/span><\/span><span jsaction=\"agoMJf:PFBcW;MZfLnc:P7O7bd;nt4Alf:pvnm0e,pfE8Hb,PFBcW;B01qod:dJXsye;H1e5u:iXtTIf;lYIUJf:hij5Wb;bmeZHc:iURhpf;Oxj3Xe:qAKMYb,yaf12d\" jsname=\"txFAF\" class=\"jCAhz\" jscontroller=\"Gn4SMb\"><span class=\"ryNqvb\" jsaction=\"click:E6Tfl,GFf3ac,tMZCfe; contextmenu:Nqw7Te,QP7LD; mouseout:Nqw7Te; mouseover:E6Tfl,c2aHje\" jsname=\"W297wb\"> <\/span><\/span><\/span>\r\n\r\n<span class=\"HwtZe\" jsaction=\"mouseup:Sxi9L,BR6jm; mousedown:qjlr0e\" jsname=\"jqKxS\" lang=\"fr\"><span jsaction=\"agoMJf:PFBcW;MZfLnc:P7O7bd;nt4Alf:pvnm0e,pfE8Hb,PFBcW;B01qod:dJXsye;H1e5u:iXtTIf;lYIUJf:hij5Wb;bmeZHc:iURhpf;Oxj3Xe:qAKMYb,yaf12d\" jsname=\"txFAF\" class=\"jCAhz ChMk0b\" jscontroller=\"Gn4SMb\"><span class=\"ryNqvb\" jsaction=\"click:E6Tfl,GFf3ac,tMZCfe; contextmenu:Nqw7Te,QP7LD; mouseout:Nqw7Te; mouseover:E6Tfl,c2aHje\" jsname=\"W297wb\">Souhaitez-vous accueillir un Bengal adulte chez vous ? Nous ne pouvons pas toujours garder tous nos adults ensemble, se que nous pr\u00e9fairons, nous recherchons de temps en temps\u00a0<\/span><\/span><span jsaction=\"agoMJf:PFBcW;MZfLnc:P7O7bd;nt4Alf:pvnm0e,pfE8Hb,PFBcW;B01qod:dJXsye;H1e5u:iXtTIf;lYIUJf:hij5Wb;bmeZHc:iURhpf;Oxj3Xe:qAKMYb,yaf12d\" jsname=\"txFAF\" class=\"jCAhz ChMk0b\" jscontroller=\"Gn4SMb\"><span class=\"ryNqvb\" jsaction=\"click:E6Tfl,GFf3ac,tMZCfe; contextmenu:Nqw7Te,QP7LD; mouseout:Nqw7Te; mouseover:E6Tfl,c2aHje\" jsname=\"W297wb\"> un foyer pour toujours.<\/span><\/span> <span jsaction=\"agoMJf:PFBcW;MZfLnc:P7O7bd;nt4Alf:pvnm0e,pfE8Hb,PFBcW;B01qod:dJXsye;H1e5u:iXtTIf;lYIUJf:hij5Wb;bmeZHc:iURhpf;Oxj3Xe:qAKMYb,yaf12d\" jsname=\"txFAF\" class=\"jCAhz ChMk0b\" jscontroller=\"Gn4SMb\"><span class=\"ryNqvb\" jsaction=\"click:E6Tfl,GFf3ac,tMZCfe; contextmenu:Nqw7Te,QP7LD; mouseout:Nqw7Te; mouseover:E6Tfl,c2aHje\" jsname=\"W297wb\">Enti\u00e8rement d\u00e9pist\u00e9s et \u00e0 jour de leurs vaccins.<\/span><\/span> <span jsaction=\"agoMJf:PFBcW;MZfLnc:P7O7bd;nt4Alf:pvnm0e,pfE8Hb,PFBcW;B01qod:dJXsye;H1e5u:iXtTIf;lYIUJf:hij5Wb;bmeZHc:iURhpf;Oxj3Xe:qAKMYb,yaf12d\" jsname=\"txFAF\" class=\"jCAhz ChMk0b\" jscontroller=\"Gn4SMb\"><span class=\"ryNqvb\" jsaction=\"click:E6Tfl,GFf3ac,tMZCfe; contextmenu:Nqw7Te,QP7LD; mouseout:Nqw7Te; mouseover:E6Tfl,c2aHje\" jsname=\"W297wb\">Contactez-nous sans engagement pour plus d'informations.<\/span><\/span><\/span>\r\n\r\n&nbsp;\r\n\r\nCommes nous avons r\u00e9unis nous sources ensemble, vous trouverez les chats de ma soeur sur\u00a0<span class=\"color_11\"> <span><a href=\"https:\/\/www.pons.be\/Bengal\/\" target=\"_blank\" rel=\"noopener\">https:\/\/www.pons.be\/bengal\/<\/a><\/span><\/span>","_fr_post_name":"en-retraite","_fr_post_excerpt":"","_fr_post_title":"En retraite","edit_language":"nl","footnotes":""},"class_list":["post-603","page","type-page","status-publish","hentry"],"_links":{"self":[{"href":"https:\/\/offborderhill.be\/index.php\/wp-json\/wp\/v2\/pages\/603","targetHints":{"allow":["GET"]}}],"collection":[{"href":"https:\/\/offborderhill.be\/index.php\/wp-json\/wp\/v2\/pages"}],"about":[{"href":"https:\/\/offborderhill.be\/index.php\/wp-json\/wp\/v2\/types\/page"}],"author":[{"embeddable":true,"href":"https:\/\/offborderhill.be\/index.php\/wp-json\/wp\/v2\/users\/1"}],"replies":[{"embeddable":true,"href":"https:\/\/offborderhill.be\/index.php\/wp-json\/wp\/v2\/comments?post=603"}],"version-history":[{"count":4,"href":"https:\/\/offborderhill.be\/index.php\/wp-json\/wp\/v2\/pages\/603\/revisions"}],"predecessor-version":[{"id":793,"href":"https:\/\/offborderhill.be\/index.php\/wp-json\/wp\/v2\/pages\/603\/revisions\/793"}],"wp:attachment":[{"href":"https:\/\/offborderhill.be\/index.php\/wp-json\/wp\/v2\/media?parent=603"}],"curies":[{"name":"wp","href":"https:\/\/api.w.org\/{rel}","templated":true}]}}