{"id":29,"date":"2022-12-14T15:42:02","date_gmt":"2022-12-14T15:42:02","guid":{"rendered":"https:\/\/offborderhill.be\/?page_id=29"},"modified":"2026-02-19T14:48:48","modified_gmt":"2026-02-19T14:48:48","slug":"kittens","status":"publish","type":"page","link":"https:\/\/offborderhill.be\/index.php\/kittens\/","title":{"rendered":"Kittens"},"content":{"rendered":"<p>&nbsp;<\/p>\n<p style=\"text-align: center;\"><strong>Planning 2026<\/strong><\/p>\n<p style=\"text-align: center;\">\u00a0 Goralguru Emerald\u00a0 x\u00a0 Goralguru Gamin<br \/>\nGeboren 2\/01\/2026. 3 katertjes en 2 poesjes<\/p>\n<p style=\"text-align: center;\"><img loading=\"lazy\" decoding=\"async\" src=\"http:\/\/offborderhill.be\/wp-content\/uploads\/2026\/02\/Emmy-kittens-21012026-1024x768.jpg\" alt=\"\" width=\"536\" height=\"402\" class=\"alignnone  wp-image-898\" srcset=\"https:\/\/offborderhill.be\/wp-content\/uploads\/2026\/02\/Emmy-kittens-21012026-1024x768.jpg 1024w, https:\/\/offborderhill.be\/wp-content\/uploads\/2026\/02\/Emmy-kittens-21012026-300x225.jpg 300w, https:\/\/offborderhill.be\/wp-content\/uploads\/2026\/02\/Emmy-kittens-21012026-768x576.jpg 768w, https:\/\/offborderhill.be\/wp-content\/uploads\/2026\/02\/Emmy-kittens-21012026-1536x1152.jpg 1536w, https:\/\/offborderhill.be\/wp-content\/uploads\/2026\/02\/Emmy-kittens-21012026-2048x1536.jpg 2048w\" sizes=\"auto, (max-width: 536px) 100vw, 536px\" \/><\/p>\n<p>&nbsp;<\/p>\n<p style=\"text-align: center;\">Zomer:\u00a0 Goralguru Born to Impress x\u00a0 Goralguru Gamin<br \/>\nverwacht +\/- mei juni.<\/p>\n<p>&nbsp;<\/p>\n<p style=\"text-align: center;\">\n","protected":false},"excerpt":{"rendered":"<p>&nbsp; Planning 2026 \u00a0 Goralguru Emerald\u00a0 x\u00a0 Goralguru Gamin Geboren 2\/01\/2026. 3 katertjes en 2 poesjes &nbsp; Zomer:\u00a0 Goralguru Born to Impress x\u00a0 Goralguru Gamin verwacht +\/- mei juni. &nbsp;<\/p>\n","protected":false},"author":1,"featured_media":526,"parent":0,"menu_order":0,"comment_status":"closed","ping_status":"closed","template":"","meta":{"_nl_post_content":"&nbsp;\r\n<p style=\"text-align: center;\"><strong>Planning 2026<\/strong><\/p>\r\n<p style=\"text-align: center;\">\u00a0 Goralguru Emerald\u00a0 x\u00a0 Goralguru Gamin\r\nGeboren 2\/01\/2026. 3 katertjes en 2 poesjes<\/p>\r\n<p style=\"text-align: center;\"><img src=\"http:\/\/offborderhill.be\/wp-content\/uploads\/2026\/02\/Emmy-kittens-21012026-1024x768.jpg\" alt=\"\" width=\"536\" height=\"402\" class=\"alignnone  wp-image-898\" \/><\/p>\r\n&nbsp;\r\n<p style=\"text-align: center;\">Zomer:\u00a0 Goralguru Born to Impress x\u00a0 Goralguru Gamin\r\nverwacht +\/- mei juni.<\/p>\r\n&nbsp;\r\n<p style=\"text-align: center;\"><\/p>","_nl_post_name":"kittens","_nl_post_excerpt":"","_nl_post_title":"Kittens","_en_post_content":"","_en_post_name":"kittens","_en_post_excerpt":"","_en_post_title":"Kittens","_fr_post_content":"<p style=\"text-align: center;\"><strong>DISPONIBLE<\/strong><\/p>\r\n<p>Nous avons une superbe femelle disponible de notre port\u00e9e du 16 avril 2023.<\/p>\r\n<p>Extravaganza est une femelle super gentille et calin.\u00a0 Elle vous donnera des bisoux toute la journ\u00e9e.<\/p>\r\n<p>En plus de son caract\u00e9re doux elle est d'une\u00a0 beaut\u00e9 exceptionnel et pourrai comme sa m\u00e9re remporter des prix en expo.\u00a0<\/p>\r\n<p>Les parents sont test\u00e9es Hcm, pkd par echographie,\u00a0 adn Pra-b et Pkdef,\u00a0 Fiv et Felv n\u00e9gatif<\/p>\r\n<p>Venez vous assurer de sa gentillesse et sa beaut\u00e9.<\/p>\r\n<p style=\"padding-left: 80px; text-align: left;\">P\u00e9digr\u00e9e, vaccin\u00e9 et st\u00e9rilis\u00e9.\u00a0<\/p>\r\n<p><img src=\"http:\/\/offborderhill.be\/wp-content\/uploads\/2023\/08\/20230816174840_IMG_00381-1024x619.jpg\" alt=\"\" width=\"750\" height=\"453\" class=\"alignnone size-large wp-image-522\" \/><\/p>","_fr_post_name":"chatons","_fr_post_excerpt":"","_fr_post_title":"Chatons","edit_language":"nl","footnotes":""},"class_list":["post-29","page","type-page","status-publish","has-post-thumbnail","hentry"],"_links":{"self":[{"href":"https:\/\/offborderhill.be\/index.php\/wp-json\/wp\/v2\/pages\/29","targetHints":{"allow":["GET"]}}],"collection":[{"href":"https:\/\/offborderhill.be\/index.php\/wp-json\/wp\/v2\/pages"}],"about":[{"href":"https:\/\/offborderhill.be\/index.php\/wp-json\/wp\/v2\/types\/page"}],"author":[{"embeddable":true,"href":"https:\/\/offborderhill.be\/index.php\/wp-json\/wp\/v2\/users\/1"}],"replies":[{"embeddable":true,"href":"https:\/\/offborderhill.be\/index.php\/wp-json\/wp\/v2\/comments?post=29"}],"version-history":[{"count":16,"href":"https:\/\/offborderhill.be\/index.php\/wp-json\/wp\/v2\/pages\/29\/revisions"}],"predecessor-version":[{"id":899,"href":"https:\/\/offborderhill.be\/index.php\/wp-json\/wp\/v2\/pages\/29\/revisions\/899"}],"wp:featuredmedia":[{"embeddable":true,"href":"https:\/\/offborderhill.be\/index.php\/wp-json\/wp\/v2\/media\/526"}],"wp:attachment":[{"href":"https:\/\/offborderhill.be\/index.php\/wp-json\/wp\/v2\/media?parent=29"}],"curies":[{"name":"wp","href":"https:\/\/api.w.org\/{rel}","templated":true}]}}